{"id":26591,"date":"2019-07-12T18:30:43","date_gmt":"2019-07-12T18:30:43","guid":{"rendered":"https:\/\/www.hgps.org.do\/?page_id=26591"},"modified":"2020-07-16T03:31:56","modified_gmt":"2020-07-16T03:31:56","slug":"cita-prueba","status":"publish","type":"page","link":"https:\/\/hgps.org.do\/es\/cita-prueba\/","title":{"rendered":"Hacer Cita"},"content":{"rendered":"<section class=\"l-section wpb_row us_custom_2f43423f height_auto dept_tabs\"><div class=\"l-section-h i-cf\"><div class=\"g-cols vc_row type_default valign_top\"><div class=\"vc_col-sm-12 vc_hidden-sm vc_hidden-xs wpb_column vc_column_container\"><div class=\"vc_column-inner\"><div class=\"wpb_wrapper\"><div class=\"g-cols wpb_row  us_custom_7d5e32d4 type_default valign_top vc_inner\"><div class=\"vc_col-sm-8 wpb_column vc_column_container has_text_color\"><div class=\"vc_column-inner us_custom_ca341606\"><div class=\"wpb_wrapper\"><div class=\"wpb_text_column\" ><div class=\"wpb_wrapper\"><h2 style=\"color: #ffffff; font-weight: 300; margin-bottom: 0;\">Solicita una Cita<\/h2>\n<p style=\"color: #ffffff; font-size: 16px; font-weight: 100 !important; line-height: 24px;\">Para realizar su cita, complete los campos requeridos debajo. Su cita se registrar\u00e1 directamente y recibir\u00e1 la confirmaci\u00f3n v\u00eda correo. Por esta v\u00eda est\u00e1n disponibles la mayor\u00eda de nuestras especialidades. Para las que no est\u00e9n disponibles, debe llamar a nuestro Centro de Citas al 809 565-7477 opci\u00f3n 2. \u00a1Gracias por preferirnos!<\/p>\n<\/div><\/div><\/div><\/div><\/div><div class=\"vc_col-sm-4 wpb_column vc_column_container has_text_color\"><div class=\"vc_column-inner us_custom_ca70641b\"><div class=\"wpb_wrapper\"><div class=\"wpb_text_column\" ><div class=\"wpb_wrapper\"><h3 style=\"text-align: center; margin-bottom: 0; padding-bottom: 0; font-size: 20px;\">\u00bfNecesitas ayuda?<\/h3>\n<p style=\"text-align: center; margin-top: 0; margin-bottom: 10px; padding-top: 0; padding-bottom: 0;\">Ll\u00e1manos al<\/p>\n<\/div><\/div><div class=\"w-btn-wrapper width_auto align_center\"><a class=\"w-btn us-btn-style_5\" href=\"tel:809-565-7477\"><span class=\"w-btn-label\">809-565-7477<\/span><\/a><\/div><\/div><\/div><\/div><\/div><\/div><\/div><\/div><\/div><\/div><\/section><!-- Row Backgrounds --><div class=\"upb_grad\" data-grad=\"background: -webkit-gradient(linear, left top, left bottom, color-stop(0%, #2F447F), color-stop(100%, #1B2E59));background: -moz-linear-gradient(top,#2F447F 0%,#1B2E59 100%);background: -webkit-linear-gradient(top,#2F447F 0%,#1B2E59 100%);background: -o-linear-gradient(top,#2F447F 0%,#1B2E59 100%);background: -ms-linear-gradient(top,#2F447F 0%,#1B2E59 100%);background: linear-gradient(top,#2F447F 0%,#1B2E59 100%);\" data-bg-override=\"0\" data-upb-overlay-color=\"\" data-upb-bg-animation=\"\" data-fadeout=\"\" data-fadeout-percentage=\"30\" data-parallax-content=\"\" data-parallax-content-sense=\"30\" data-row-effect-mobile-disable=\"true\" data-img-parallax-mobile-disable=\"true\" data-rtl=\"false\"  data-custom-vc-row=\"\"  data-vc=\"6.6.0\"  data-is_old_vc=\"\"  data-theme-support=\"\"   data-overlay=\"false\" data-overlay-color=\"\" data-overlay-pattern=\"\" data-overlay-pattern-opacity=\"\" data-overlay-pattern-size=\"\"    ><\/div><section class=\"l-section wpb_row us_custom_2f43423f height_auto dept_tabs\"><div class=\"l-section-h i-cf\"><div class=\"g-cols vc_row type_default valign_top\"><div class=\"vc_col-sm-12 vc_hidden-lg vc_hidden-md vc_hidden-xs wpb_column vc_column_container\"><div class=\"vc_column-inner\"><div class=\"wpb_wrapper\"><div class=\"g-cols wpb_row  us_custom_7d5e32d4 type_default valign_top vc_inner\"><div class=\"vc_col-sm-8 wpb_column vc_column_container has_text_color\"><div class=\"vc_column-inner us_custom_ca341606\"><div class=\"wpb_wrapper\"><div class=\"wpb_text_column\" ><div class=\"wpb_wrapper\"><h2 style=\"color: #ffffff; font-weight: 300; margin-bottom: 0; font-size: 24px;\">Solicita una Cita<\/h2>\n<p style=\"color: #ffffff; font-size: 14px; font-weight: 100 !important; line-height: 20px;\">Para realizar su cita, complete los campos requeridos debajo. Su cita se registrar\u00e1 directamente y recibir\u00e1 la confirmaci\u00f3n v\u00eda correo. Por esta v\u00eda est\u00e1n disponibles la mayor\u00eda de nuestras especialidades. Para las que no est\u00e9n disponibles, debe llamar a nuestro Centro de Citas al 809 565-7477 opci\u00f3n 2. \u00a1Gracias por preferirnos!.<\/p>\n<\/div><\/div><\/div><\/div><\/div><div class=\"vc_col-sm-4 wpb_column vc_column_container has_text_color\"><div class=\"vc_column-inner us_custom_ca70641b\"><div class=\"wpb_wrapper\"><div class=\"wpb_text_column\" ><div class=\"wpb_wrapper\"><h3 style=\"text-align: center; margin-bottom: 0; padding-bottom: 0; font-size: 20px;\">\u00bfNecesitas ayuda?<\/h3>\n<p style=\"text-align: center; margin-top: 0; margin-bottom: 10px; padding-top: 0; padding-bottom: 0;\">Ll\u00e1manos al<\/p>\n<\/div><\/div><div class=\"w-btn-wrapper width_auto align_center\"><a class=\"w-btn us-btn-style_5\" href=\"tel:809-565-7477\"><span class=\"w-btn-label\">809-565-7477<\/span><\/a><\/div><\/div><\/div><\/div><\/div><\/div><\/div><\/div><\/div><\/div><\/section><!-- Row Backgrounds --><div class=\"upb_grad\" data-grad=\"background: -webkit-gradient(linear, left top, left bottom, color-stop(0%, #2F447F), color-stop(100%, #1B2E59));background: -moz-linear-gradient(top,#2F447F 0%,#1B2E59 100%);background: -webkit-linear-gradient(top,#2F447F 0%,#1B2E59 100%);background: -o-linear-gradient(top,#2F447F 0%,#1B2E59 100%);background: -ms-linear-gradient(top,#2F447F 0%,#1B2E59 100%);background: linear-gradient(top,#2F447F 0%,#1B2E59 100%);\" data-bg-override=\"0\" data-upb-overlay-color=\"\" data-upb-bg-animation=\"\" data-fadeout=\"\" data-fadeout-percentage=\"30\" data-parallax-content=\"\" data-parallax-content-sense=\"30\" data-row-effect-mobile-disable=\"true\" data-img-parallax-mobile-disable=\"true\" data-rtl=\"false\"  data-custom-vc-row=\"\"  data-vc=\"6.6.0\"  data-is_old_vc=\"\"  data-theme-support=\"\"   data-overlay=\"false\" data-overlay-color=\"\" data-overlay-pattern=\"\" data-overlay-pattern-opacity=\"\" data-overlay-pattern-size=\"\"    ><\/div><section class=\"l-section wpb_row us_custom_2f43423f height_auto dept_tabs\"><div class=\"l-section-h i-cf\"><div class=\"g-cols vc_row type_default valign_top\"><div class=\"vc_col-sm-12 vc_hidden-lg vc_hidden-md vc_hidden-sm wpb_column vc_column_container\"><div class=\"vc_column-inner\"><div class=\"wpb_wrapper\"><div class=\"g-cols wpb_row  us_custom_7d5e32d4 type_default valign_top vc_inner\"><div class=\"vc_col-sm-12 wpb_column vc_column_container has_text_color\"><div class=\"vc_column-inner us_custom_64b06ea7\"><div class=\"wpb_wrapper\"><div class=\"wpb_text_column us_custom_8941bddd\" ><div class=\"wpb_wrapper\"><h2 style=\"color: #ffffff; font-weight: 300; margin-bottom: 0; font-size: 24px;\">Solicita una Cita<\/h2>\n<p style=\"color: #ffffff; font-size: 14px; font-weight: 100 !important; line-height: 20px;\">Para realizar su cita, complete los campos requeridos debajo. Su cita se registrar\u00e1 directamente y recibir\u00e1 la confirmaci\u00f3n v\u00eda correo. Por esta v\u00eda est\u00e1n disponibles la mayor\u00eda de nuestras especialidades. Para las que no est\u00e9n disponibles, debe llamar a nuestro Centro de Citas al 809 565-7477 opci\u00f3n 2. \u00a1Gracias por preferirnos!<\/p>\n<\/div><\/div><\/div><\/div><\/div><\/div><\/div><\/div><\/div><\/div><\/div><\/section><!-- Row Backgrounds --><div class=\"upb_grad\" data-grad=\"background: -webkit-gradient(linear, left top, left bottom, color-stop(0%, #2F447F), color-stop(100%, #1B2E59));background: -moz-linear-gradient(top,#2F447F 0%,#1B2E59 100%);background: -webkit-linear-gradient(top,#2F447F 0%,#1B2E59 100%);background: -o-linear-gradient(top,#2F447F 0%,#1B2E59 100%);background: -ms-linear-gradient(top,#2F447F 0%,#1B2E59 100%);background: linear-gradient(top,#2F447F 0%,#1B2E59 100%);\" data-bg-override=\"0\" data-upb-overlay-color=\"\" data-upb-bg-animation=\"\" data-fadeout=\"\" data-fadeout-percentage=\"30\" data-parallax-content=\"\" data-parallax-content-sense=\"30\" data-row-effect-mobile-disable=\"true\" data-img-parallax-mobile-disable=\"true\" data-rtl=\"false\"  data-custom-vc-row=\"\"  data-vc=\"6.6.0\"  data-is_old_vc=\"\"  data-theme-support=\"\"   data-overlay=\"false\" data-overlay-color=\"\" data-overlay-pattern=\"\" data-overlay-pattern-opacity=\"\" data-overlay-pattern-size=\"\"    ><\/div><section class=\"l-section wpb_row us_custom_4e85a289 height_medium directorio_tabs\"><div class=\"l-section-h i-cf\"><div class=\"g-cols vc_row type_default valign_top\"><div class=\"vc_col-sm-9 wpb_column vc_column_container\"><div class=\"vc_column-inner us_custom_a589c745\"><div class=\"wpb_wrapper\">\n\t<div class=\"wpb_raw_code wpb_content_element wpb_raw_html\" >\n\t\t<div class=\"wpb_wrapper\">\n\t\t\t<div class=\"gform_body\">\n<div class=\"embed-container\" style=\"position: relative;\n    padding-bottom: 56.25%;\n    height: 900px;\n    overflow: hidden;\">\n<iframe onload='resizeIframe(this)' class=\"resp-iframe\" allowfullscreen=\"\" scrolling=\"yes\" src=\"https:\/\/webcitas.hgps.org.do\" frameborder=\"0\"\n\tstyle=\" \n\tposition: absolute;\n    top:0;\n    left: 0;\n    width: 100%;\n    height: 100%;\">\n<\/iframe>\n<\/div>\n<\/div>\n\t\t<\/div>\n\t<\/div>\n<\/div><\/div><\/div><div class=\"vc_col-sm-3 wpb_column vc_column_container\"><div class=\"vc_column-inner us_custom_50cc7d67\"><div class=\"wpb_wrapper\"><div class=\"uavc-list-icon uavc-list-icon-wrapper ult-adjust-bottom-margin   \"><ul class=\"uavc-list\"><li><div class=\"uavc-list-content\" id=\"list-icon-wrap-7252\">\n<div class=\"uavc-list-icon  \" data-animation=\"\" data-animation-delay=\"03\" style=\"margin-right:5px;\"><div class=\"ult-just-icon-wrapper  \"><div class=\"align-icon\" style=\"text-align:center;\">\n<div class=\"aio-icon none \"  style=\"color:#333333;font-size:14px;display:inline-block;\">\n\t<i class=\"Defaults-phone\"><\/i>\n<\/div><\/div><\/div>\n<\/div><span  data-ultimate-target='#list-icon-wrap-7252 .uavc-list-desc'  data-responsive-json-new='{\"font-size\":\"\",\"line-height\":\"\"}'  class=\"uavc-list-desc ult-responsive\" style=\"\">\n<h4 style=\"padding-bottom: 0; margin-bottom: 0; font-size: 20px;\">Tel\u00e9fonos<\/h4>\n<p><a href=\"tel:809-565-7477\">809-565-7477<\/a><br \/>\n<a href=\"tel:829-565-7477\">829-565-7477<\/a><\/span><\/div><\/li><li><div class=\"uavc-list-content\" id=\"list-icon-wrap-6884\">\n<div class=\"uavc-list-icon  \" data-animation=\"\" data-animation-delay=\"03\" style=\"margin-right:5px;\"><div class=\"ult-just-icon-wrapper  \"><div class=\"align-icon\" style=\"text-align:center;\">\n<div class=\"aio-icon none \"  style=\"color:#333333;font-size:14px;display:inline-block;\">\n\t<i class=\"Defaults-phone\"><\/i>\n<\/div><\/div><\/div>\n<\/div><span  data-ultimate-target='#list-icon-wrap-6884 .uavc-list-desc'  data-responsive-json-new='{\"font-size\":\"\",\"line-height\":\"\"}'  class=\"uavc-list-desc ult-responsive\" style=\"\">\n<h4 style=\"padding-bottom: 0; margin-bottom: 0; font-size: 20px;\">Emergencias<\/h4>\n<p><a href=\"tel:809-565-7477\"> 829\/809-565-7477\u00a0(opci\u00f3n 1) <\/a><\/span><\/div><\/li><li><div class=\"uavc-list-content\" id=\"list-icon-wrap-1967\">\n<div class=\"uavc-list-icon  \" data-animation=\"\" data-animation-delay=\"03\" style=\"margin-right:5px;\"><div class=\"ult-just-icon-wrapper  \"><div class=\"align-icon\" style=\"text-align:center;\">\n<div class=\"aio-icon none \"  style=\"color:#333333;font-size:14px;display:inline-block;\">\n\t<i class=\"Defaults-phone\"><\/i>\n<\/div><\/div><\/div>\n<\/div><span  data-ultimate-target='#list-icon-wrap-1967 .uavc-list-desc'  data-responsive-json-new='{\"font-size\":\"\",\"line-height\":\"\"}'  class=\"uavc-list-desc ult-responsive\" style=\"\">\n<h4 style=\"padding-bottom: 0; margin-bottom: 0; font-size: 20px;\">Interior sin cargo<\/h4>\n<p><a href=\"tel:809-200-7266\">809-200-7266 <\/a><\/span><\/div><\/li><\/ul><\/div><div  class=\"vc_wp_custommenu wpb_content_element\"><div class=\"widget widget_nav_menu\"><div class=\"menu-pacientes-visitantes-container\"><ul id=\"menu-pacientes-visitantes\" class=\"menu\"><li id=\"menu-item-24119\" class=\"menu-item menu-item-type-post_type menu-item-object-page menu-item-24119\"><a href=\"https:\/\/hgps.org.do\/es\/para-pacientes-y-familiares\/admision\/\">Admisi\u00f3n<\/a><\/li>\n<li id=\"menu-item-24115\" class=\"menu-item menu-item-type-post_type menu-item-object-page menu-item-24115\"><a href=\"https:\/\/hgps.org.do\/es\/articulos\/\">Art\u00edculos<\/a><\/li>\n<li id=\"menu-item-24116\" class=\"menu-item menu-item-type-post_type menu-item-object-page menu-item-24116\"><a href=\"https:\/\/hgps.org.do\/es\/directorio\/\">Buscar un M\u00e9dico<\/a><\/li>\n<li id=\"menu-item-24132\" class=\"menu-item menu-item-type-post_type menu-item-object-page menu-item-24132\"><a href=\"https:\/\/hgps.org.do\/es\/contacto\/\">C\u00f3mo llegar<\/a><\/li>\n<li id=\"menu-item-24118\" class=\"menu-item menu-item-type-post_type menu-item-object-page menu-item-24118\"><a href=\"https:\/\/hgps.org.do\/es\/citas\/\">Solicitar cita via correo<\/a><\/li>\n<li id=\"menu-item-24134\" class=\"menu-item menu-item-type-custom menu-item-object-custom menu-item-24134\"><a target=\"_blank\" rel=\"noopener\" href=\"https:\/\/resultados.hgps.org.do\/\">Resultados de Laboratorio<\/a><\/li>\n<li id=\"menu-item-24120\" class=\"menu-item menu-item-type-post_type menu-item-object-page menu-item-24120\"><a href=\"https:\/\/hgps.org.do\/es\/para-pacientes-y-familiares\/servicios-ars\/\">Servicios ARS<\/a><\/li>\n<li id=\"menu-item-26294\" class=\"menu-item menu-item-type-post_type menu-item-object-page menu-item-26294\"><a href=\"https:\/\/hgps.org.do\/es\/para-pacientes-y-familiares\/seguros-internacionales\/\">Seguros Internacionales<\/a><\/li>\n<li id=\"menu-item-24117\" class=\"menu-item menu-item-type-post_type menu-item-object-page menu-item-24117\"><a href=\"https:\/\/hgps.org.do\/es\/contacto\/sugerencias\/\">Sugerencias<\/a><\/li>\n<li id=\"menu-item-27690\" class=\"menu-item menu-item-type-post_type menu-item-object-page menu-item-27690\"><a href=\"https:\/\/hgps.org.do\/es\/para-pacientes-y-familiares\/saludable-hasta-la-tambora\/\">Saludable Hasta la Tambora<\/a><\/li>\n<\/ul><\/div><\/div><\/div><\/div><\/div><\/div><\/div><\/div><\/section><section class=\"l-section wpb_row us_custom_67a40d00 height_auto dept_tabs\"><div class=\"l-section-h i-cf\"><div class=\"g-cols vc_row type_default valign_top\"><div class=\"vc_col-sm-12 vc_hidden-lg vc_hidden-md vc_hidden-sm wpb_column vc_column_container\"><div class=\"vc_column-inner\"><div class=\"wpb_wrapper\"><div class=\"g-cols wpb_row  us_custom_f7fb4cbf type_default valign_top vc_inner\"><div class=\"vc_col-sm-12 wpb_column vc_column_container has_text_color\"><div class=\"vc_column-inner us_custom_bfaa4685\"><div class=\"wpb_wrapper\"><div class=\"wpb_text_column\" ><div class=\"wpb_wrapper\"><h3 style=\"text-align: center; margin-bottom: 0; padding-bottom: 0; font-size: 20px;\">\u00bfNecesitas ayuda?<\/h3>\n<p style=\"text-align: center; margin-top: 0; margin-bottom: 10px; padding-top: 0; padding-bottom: 0;\">Ll\u00e1manos al<\/p>\n<\/div><\/div><div class=\"w-btn-wrapper width_auto align_center\"><a class=\"w-btn us-btn-style_4\" href=\"tel:809-565-7477\"><span class=\"w-btn-label\">809-565-7477<\/span><\/a><\/div><\/div><\/div><\/div><\/div><\/div><\/div><\/div><\/div><\/div><\/section><!-- Row Backgrounds --><div class=\"upb_grad\" data-grad=\"background: -webkit-gradient(linear, left top, left bottom, color-stop(13%, #5FBF1B), color-stop(61%, #589231));background: -moz-linear-gradient(top,#5FBF1B 13%,#589231 61%);background: -webkit-linear-gradient(top,#5FBF1B 13%,#589231 61%);background: -o-linear-gradient(top,#5FBF1B 13%,#589231 61%);background: -ms-linear-gradient(top,#5FBF1B 13%,#589231 61%);background: linear-gradient(top,#5FBF1B 13%,#589231 61%);\" data-bg-override=\"0\" data-upb-overlay-color=\"\" data-upb-bg-animation=\"\" data-fadeout=\"\" data-fadeout-percentage=\"30\" data-parallax-content=\"\" data-parallax-content-sense=\"30\" data-row-effect-mobile-disable=\"true\" data-img-parallax-mobile-disable=\"true\" data-rtl=\"false\"  data-custom-vc-row=\"\"  data-vc=\"6.6.0\"  data-is_old_vc=\"\"  data-theme-support=\"\"   data-overlay=\"false\" data-overlay-color=\"\" data-overlay-pattern=\"\" data-overlay-pattern-opacity=\"\" data-overlay-pattern-size=\"\"    ><\/div>\n","protected":false},"excerpt":{"rendered":"Solicita una Cita Para realizar su cita, complete los campos requeridos debajo. Su cita se registrar\u00e1 directamente y recibir\u00e1 la confirmaci\u00f3n v\u00eda correo. Por esta v\u00eda est\u00e1n disponibles la mayor\u00eda de nuestras especialidades. Para las que no est\u00e9n disponibles, debe llamar a nuestro Centro de Citas al 809 565-7477 opci\u00f3n 2. \u00a1Gracias por preferirnos! \u00bfNecesitas...","protected":false},"author":1,"featured_media":0,"parent":0,"menu_order":52,"comment_status":"closed","ping_status":"closed","template":"","meta":{"footnotes":""},"_links":{"self":[{"href":"https:\/\/hgps.org.do\/es\/wp-json\/wp\/v2\/pages\/26591"}],"collection":[{"href":"https:\/\/hgps.org.do\/es\/wp-json\/wp\/v2\/pages"}],"about":[{"href":"https:\/\/hgps.org.do\/es\/wp-json\/wp\/v2\/types\/page"}],"author":[{"embeddable":true,"href":"https:\/\/hgps.org.do\/es\/wp-json\/wp\/v2\/users\/1"}],"replies":[{"embeddable":true,"href":"https:\/\/hgps.org.do\/es\/wp-json\/wp\/v2\/comments?post=26591"}],"version-history":[{"count":9,"href":"https:\/\/hgps.org.do\/es\/wp-json\/wp\/v2\/pages\/26591\/revisions"}],"predecessor-version":[{"id":28425,"href":"https:\/\/hgps.org.do\/es\/wp-json\/wp\/v2\/pages\/26591\/revisions\/28425"}],"wp:attachment":[{"href":"https:\/\/hgps.org.do\/es\/wp-json\/wp\/v2\/media?parent=26591"}],"curies":[{"name":"wp","href":"https:\/\/api.w.org\/{rel}","templated":true}]}}