{"id":27278,"date":"2022-04-18T13:31:57","date_gmt":"2022-04-18T13:31:57","guid":{"rendered":"https:\/\/hgps.org.do\/?page_id=27278"},"modified":"2022-04-28T13:30:58","modified_gmt":"2022-04-28T13:30:58","slug":"geriatria-2","status":"publish","type":"page","link":"https:\/\/hgps.org.do\/es\/servicios-medicos\/geriatria-2\/","title":{"rendered":"Otorrinolaringolog\u00eda"},"content":{"rendered":"<section class=\"l-section wpb_row us_custom_9b36ddac height_medium\"><div class=\"l-section-h i-cf\"><div class=\"g-cols vc_row type_default valign_top\"><div class=\"vc_col-sm-8 wpb_column vc_column_container\"><div class=\"vc_column-inner\"><div class=\"wpb_wrapper\"><div id=\"ultimate-heading-435969dd2649c8350\" class=\"uvc-heading ult-adjust-bottom-margin ultimate-heading-435969dd2649c8350 uvc-4897 \" data-hspacer=\"no_spacer\"  data-halign=\"center\" style=\"text-align:center\"><div class=\"uvc-heading-spacer no_spacer\" style=\"top\"><\/div><div class=\"uvc-main-heading ult-responsive\"  data-ultimate-target='.uvc-heading.ultimate-heading-435969dd2649c8350 h2'  data-responsive-json-new='{\"font-size\":\"\",\"line-height\":\"\"}' ><h2 style=\"font-weight:normal;margin-bottom:10px;\">Otorrinolaringolog\u00eda<\/h2><\/div><\/div><div class=\"wpb_text_column us_custom_e038e7e6\" ><div class=\"wpb_wrapper\"><p>Somos un departamento integrado por especialistas entrenados en el diagn\u00f3stico y tratamientos de los o\u00eddos, nariz, faringe, laringe, cabeza y cuello.<\/p>\n<p>La unidad cuenta con dos consultorios, un \u00e1rea de audiolog\u00eda y un \u00e1rea de procedimientos.<\/p>\n<p><strong>\u00a0<\/strong><\/p>\n<\/div><\/div><div class=\"w-tabs style_default switch_click accordion has_scrolling type_togglable title_atleft icon_chevron iconpos_right\"><div class=\"w-tabs-sections\"><div class=\"w-tabs-sections-h\"><div class=\"w-tabs-section\" id=\"1548023767346-cd77bd47-43e4\"><button class=\"w-tabs-section-header\" aria-controls=\"content-1548023767346-cd77bd47-43e4\"><div class=\"w-tabs-section-header-h\"><div class=\"w-tabs-section-title\">Procedimientos<\/div><div class=\"w-tabs-section-control\"><\/div><\/div><\/button><div class=\"w-tabs-section-content\" id=\"content-1548023767346-cd77bd47-43e4\" aria-expanded=\"false\"><div class=\"w-tabs-section-content-h i-cf\"><div class=\"wpb_text_column\" ><div class=\"wpb_wrapper\"><ul>\n<li>Biopsias: boca, faringe, nariz.<\/li>\n<li>Biopsias por punci\u00f3n por aguja fina y gruesa.<\/li>\n<li>Nasoendoscop\u00edas<\/li>\n<li>Nasofibrolaringoscop\u00edas<\/li>\n<li>Epilaringoscop\u00edas<\/li>\n<li>Maniobras de reposici\u00f3n<\/li>\n<li>Lavados de o\u00eddo<\/li>\n<li>Lavados nasales<\/li>\n<li>Curas de otorrinolaringolog\u00eda<\/li>\n<li>Cambios de c\u00e1nula de traqueotom\u00eda<\/li>\n<li>Protocolo de decanulaci\u00f3n de traquetom\u00eda.<\/li>\n<\/ul>\n<\/div><\/div><\/div><\/div><\/div><div class=\"w-tabs-section\" id=\"1548023767367-29804f93-5c1e\"><button class=\"w-tabs-section-header\" aria-controls=\"content-1548023767367-29804f93-5c1e\"><div class=\"w-tabs-section-header-h\"><div class=\"w-tabs-section-title\">Servicios que ofrecemos:<\/div><div class=\"w-tabs-section-control\"><\/div><\/div><\/button><div class=\"w-tabs-section-content\" id=\"content-1548023767367-29804f93-5c1e\" aria-expanded=\"false\"><div class=\"w-tabs-section-content-h i-cf\"><div class=\"wpb_text_column\" ><div class=\"wpb_wrapper\"><p>Atenci\u00f3n m\u00e9dico-quir\u00fargica en las patolog\u00edas de o\u00eddo, nariz, garganta y cirug\u00eda de cabeza y Cuello.<\/p>\n<p><strong>Especialidades:<\/strong><\/p>\n<ul>\n<li>Otorrinolaringolog\u00eda general: o\u00eddo, nariz, garganta<\/li>\n<li>Rinolog\u00eda est\u00e9tica<\/li>\n<li>Cirug\u00eda endosc\u00f3pica nasosinusal endosc\u00f3pica<\/li>\n<li>Cirug\u00eda de base de cr\u00e1neo.<\/li>\n<li>Otolog\u00eda general y otoneurolog\u00eda.<\/li>\n<li>Laringolog\u00eda.<\/li>\n<li>V\u00eda a\u00e9rea de adultos y pedi\u00e1trica.<\/li>\n<li>Cirug\u00eda oncol\u00f3gica de cabeza y cuello<\/li>\n<li>Otorrinolaringolog\u00eda pedi\u00e1trica: v\u00eda a\u00e9rea pedi\u00e1trica, tumores y malformaciones cong\u00e9nitas<\/li>\n<\/ul>\n<\/div><\/div><\/div><\/div><\/div><div class=\"w-tabs-section\" id=\"1548023823198-12a4e08a-f086\"><button class=\"w-tabs-section-header\" aria-controls=\"content-1548023823198-12a4e08a-f086\"><div class=\"w-tabs-section-header-h\"><div class=\"w-tabs-section-title\">Horarios:<\/div><div class=\"w-tabs-section-control\"><\/div><\/div><\/button><div class=\"w-tabs-section-content\" id=\"content-1548023823198-12a4e08a-f086\" aria-expanded=\"false\"><div class=\"w-tabs-section-content-h i-cf\"><div class=\"wpb_text_column\" ><div class=\"wpb_wrapper\"><p><strong>Contatos:<\/strong><br \/>\n809 565 7477 ext.: 7018<br \/>\n<strong>Contact Center:<\/strong> 809-565-7477 ext.: 7900<br \/>\n<strong>\u00a0<\/strong><strong>Horarios de atenci\u00f3n y consulta:<\/strong> lunes a viernes de 8:00 a. m. a 5:00 p. m.<br \/>\n<strong>Ubicaci\u00f3n<\/strong><br \/>\nEdificio 5, Atenci\u00f3n Primaria. 3er nivel<\/p>\n<\/div><\/div><\/div><\/div><\/div><\/div><\/div><\/div><\/div><\/div><\/div><div class=\"vc_col-sm-4 wpb_column vc_column_container\"><div class=\"vc_column-inner us_custom_c3c31ab9\"><div class=\"wpb_wrapper\"><div class=\"uavc-list-icon uavc-list-icon-wrapper ult-adjust-bottom-margin   \"><ul class=\"uavc-list\"><li><div class=\"uavc-list-content\" id=\"list-icon-wrap-5398\">\n<div class=\"uavc-list-icon  \" data-animation=\"\" data-animation-delay=\"03\" style=\"margin-right:10px;\"><div class=\"ult-just-icon-wrapper  \"><div class=\"align-icon\" style=\"text-align:center;\">\n<div class=\"aio-icon none \"  style=\"font-size:22px;display:inline-block;\">\n\t<i class=\"Defaults-calendar\"><\/i>\n<\/div><\/div><\/div>\n<\/div><span  data-ultimate-target='#list-icon-wrap-5398 .uavc-list-desc'  data-responsive-json-new='{\"font-size\":\"\",\"line-height\":\"\"}'  class=\"uavc-list-desc ult-responsive\" style=\"\">\n<h4 style=\"padding-bottom: 0; margin-bottom: 0; font-size: 20px;\">Para Citas<\/h4>\n<p><span style=\"font-size: 14px; line-height: 18px;\">Llama al <a style=\"color: #30414f; text-decoration: underline;\" href=\"tel:809-565-7477\">809-565-7477<\/a><br \/>\nLlena el <a style=\"color: #30414f; text-decoration: underline;\" href=\"https:\/\/www.hgps.org.do\/citas\/\">Formulario en L\u00ednea<\/a><br \/>\no Escr\u00edbenos al <a style=\"color: #30414f; text-decoration: underline;\" href=\"#\">Live Chat<\/a><\/span><\/span><\/div><\/li><\/ul><\/div><h4 style=\"font-size: 20px;color: #00acc9;text-align: center;font-family:Titillium Web;font-weight:600;font-style:normal\" class=\"vc_custom_heading us_custom_7c7abea5\" >Art\u00edculos Relacionados<\/h4><div class=\"w-grid type_grid layout_25768 overflow_hidden\" id=\"us_grid_1\" data-grid-filter=\"true\"><style id=\"us_grid_1_css\">#us_grid_1 .w-grid-item:not(:last-child){margin-bottom:1.5rem}#us_grid_1 .g-loadmore{margin-top:1.5rem}<\/style><style>.layout_25768 .w-grid-item-h{background:#ffffff}.layout_25768 .usg_post_image_1{margin-bottom:0!important;padding-bottom:0!important}.layout_25768 .usg_post_title_1{font-family:'Titillium Web', sans-serif!important;font-size:1.1rem!important;line-height:1.2em!important;padding:0!important;margin:10px 0 0 0!important}.layout_25768 .usg_hwrapper_2{color:#00bcd4!important}.layout_25768 .usg_post_date_1{font-size:0.8rem!important}.layout_25768 .usg_vwrapper_1{padding:0!important}.layout_25768 .usg_post_taxonomy_2{font-size:0.8rem!important}<\/style><div class=\"w-grid-list\" ><\/div><div class=\"w-grid-preloader\"><div class=\"g-preloader type_1\">\r\n\t<div><\/div>\r\n<\/div>\r\n<\/div>\t<div class=\"w-grid-json hidden\" onclick='return {&quot;action&quot;:&quot;us_ajax_grid&quot;,&quot;ajax_url&quot;:&quot;https:\\\/\\\/hgps.org.do\\\/wp-admin\\\/admin-ajax.php&quot;,&quot;infinite_scroll&quot;:0,&quot;max_num_pages&quot;:0,&quot;pagination&quot;:&quot;none&quot;,&quot;permalink_url&quot;:&quot;https:\\\/\\\/hgps.org.do\\\/es\\\/wp-json\\\/wp\\\/v2\\\/pages\\\/27278&quot;,&quot;template_vars&quot;:{&quot;columns&quot;:&quot;1&quot;,&quot;exclude_items&quot;:&quot;none&quot;,&quot;img_size&quot;:&quot;medium&quot;,&quot;ignore_items_size&quot;:false,&quot;items_layout&quot;:&quot;25768&quot;,&quot;items_offset&quot;:&quot;1&quot;,&quot;overriding_link&quot;:&quot;none&quot;,&quot;post_id&quot;:27278,&quot;query_args&quot;:{&quot;post_type&quot;:[&quot;post&quot;],&quot;tax_query&quot;:[{&quot;taxonomy&quot;:&quot;post_tag&quot;,&quot;field&quot;:&quot;slug&quot;,&quot;terms&quot;:[&quot;geriatria&quot;]}],&quot;post_status&quot;:[&quot;publish&quot;],&quot;orderby&quot;:{&quot;date&quot;:&quot;DESC&quot;},&quot;posts_per_page&quot;:&quot;5&quot;},&quot;type&quot;:&quot;grid&quot;,&quot;us_grid_ajax_index&quot;:1,&quot;us_grid_filter_params&quot;:null,&quot;us_grid_index&quot;:1,&quot;_us_grid_post_type&quot;:&quot;post&quot;}}'><\/div>\r\n<h4 class=\"w-grid-none\">No se han encontrado resultados.<\/h4><\/div><\/div><\/div><\/div><\/div><\/div><\/section>\n","protected":false},"excerpt":{"rendered":"Otorrinolaringolog\u00edaSomos un departamento integrado por especialistas entrenados en el diagn\u00f3stico y tratamientos de los o\u00eddos, nariz, faringe, laringe, cabeza y cuello. La unidad cuenta con dos consultorios, un \u00e1rea de audiolog\u00eda y un \u00e1rea de procedimientos. \u00a0 Procedimientos Biopsias: boca, faringe, nariz. Biopsias por punci\u00f3n por aguja fina y gruesa. Nasoendoscop\u00edas Nasofibrolaringoscop\u00edas Epilaringoscop\u00edas Maniobras de...","protected":false},"author":218,"featured_media":0,"parent":22825,"menu_order":38,"comment_status":"closed","ping_status":"closed","template":"","meta":{"footnotes":""},"_links":{"self":[{"href":"https:\/\/hgps.org.do\/es\/wp-json\/wp\/v2\/pages\/27278"}],"collection":[{"href":"https:\/\/hgps.org.do\/es\/wp-json\/wp\/v2\/pages"}],"about":[{"href":"https:\/\/hgps.org.do\/es\/wp-json\/wp\/v2\/types\/page"}],"author":[{"embeddable":true,"href":"https:\/\/hgps.org.do\/es\/wp-json\/wp\/v2\/users\/218"}],"replies":[{"embeddable":true,"href":"https:\/\/hgps.org.do\/es\/wp-json\/wp\/v2\/comments?post=27278"}],"version-history":[{"count":5,"href":"https:\/\/hgps.org.do\/es\/wp-json\/wp\/v2\/pages\/27278\/revisions"}],"predecessor-version":[{"id":27349,"href":"https:\/\/hgps.org.do\/es\/wp-json\/wp\/v2\/pages\/27278\/revisions\/27349"}],"up":[{"embeddable":true,"href":"https:\/\/hgps.org.do\/es\/wp-json\/wp\/v2\/pages\/22825"}],"wp:attachment":[{"href":"https:\/\/hgps.org.do\/es\/wp-json\/wp\/v2\/media?parent=27278"}],"curies":[{"name":"wp","href":"https:\/\/api.w.org\/{rel}","templated":true}]}}