{"id":27532,"date":"2022-05-31T19:32:57","date_gmt":"2022-05-31T19:32:57","guid":{"rendered":"https:\/\/hgps.org.do\/?page_id=27532"},"modified":"2022-05-31T19:37:21","modified_gmt":"2022-05-31T19:37:21","slug":"prueba","status":"publish","type":"page","link":"https:\/\/hgps.org.do\/es\/prueba\/","title":{"rendered":"Prueba"},"content":{"rendered":"<section class=\"l-section wpb_row us_custom_704d9060 height_auto\" id=\"news_portada\"><div class=\"l-section-h i-cf\"><div class=\"g-cols vc_row type_default valign_top\"><div class=\"vc_col-sm-8 vc_hidden-sm vc_hidden-xs wpb_column vc_column_container\"><div class=\"vc_column-inner\"><div class=\"wpb_wrapper\"><h4 style=\"font-size: 30px;color: #b0b0b0;text-align: center;font-family:Titillium Web;font-weight:300;font-style:normal\" class=\"vc_custom_heading us_custom_89a44268\" >Prevenci\u00f3n y Salud<\/h4><div class=\"w-grid type_grid layout_26941 cols_2\" id=\"us_grid_1\" data-grid-filter=\"true\"><style id=\"us_grid_1_css\">#us_grid_1 .w-grid-item{padding:1rem}#us_grid_1 .w-grid-list{margin:-1rem}.w-grid + #us_grid_1 .w-grid-list{margin-top:1rem}@media (max-width:599px){#us_grid_1 .w-grid-list{margin:0}#us_grid_1 .w-grid-item{width:100%;padding:0;margin-bottom:1rem}}<\/style><style>.layout_26941 .w-grid-item-h{}.layout_26941 .usg_post_image_1{width:100px!important;margin-right:5%!important}.layout_26941 .usg_post_title_1{font-size:1.5rem!important;line-height:1.8rem!important;margin-bottom:0.3rem!important}.layout_26941 .usg_post_date_1{color:#7d7d7d!important;font-size:.7rem!important}<\/style><div class=\"w-grid-list\" ><article class=\"w-grid-item size_1x1 post-28677 post type-post status-publish format-standard has-post-thumbnail hentry category-noticies\" data-id=\"28677\">\r\n\t<div class=\"w-grid-item-h\">\r\n\t\t\t\t<div class=\"w-hwrapper usg_hwrapper_1 align_left valign_top\"><div class=\"w-post-elm post_image usg_post_image_1 has_width has_ratio\"><div style=\"padding-bottom:150.0000%\"><\/div><a href=\"https:\/\/hgps.org.do\/es\/noticies\/reconocimiento-a-la-excelencia\/\" aria-label=\"56 colaboradores del HGPS fueron reconocidos por su destacada labor a trav\u00e9s del Acto de Reconocimiento a la Excelencia\"><img loading=\"lazy\" decoding=\"async\" width=\"2560\" height=\"1507\" src=\"https:\/\/hgps.org.do\/wp-content\/uploads\/2026\/02\/83-scaled.jpg\" class=\"attachment-full size-full wp-post-image\" alt=\"56 colaboradores del HGPS fueron reconocidos por su destacada labor a trav\u00e9s del Acto de Reconocimiento a la Excelencia\" srcset=\"https:\/\/hgps.org.do\/wp-content\/uploads\/2026\/02\/83-scaled.jpg 2560w, https:\/\/hgps.org.do\/wp-content\/uploads\/2026\/02\/83-600x353.jpg 600w, https:\/\/hgps.org.do\/wp-content\/uploads\/2026\/02\/83-1024x603.jpg 1024w, https:\/\/hgps.org.do\/wp-content\/uploads\/2026\/02\/83-18x12.jpg 18w, https:\/\/hgps.org.do\/wp-content\/uploads\/2026\/02\/83-768x452.jpg 768w\" sizes=\"(max-width: 2560px) 100vw, 2560px\" \/><\/a><\/div><div class=\"w-vwrapper usg_vwrapper_1 align_left valign_top\"><h2 class=\"w-post-elm post_title usg_post_title_1 entry-title color_link_inherit\"><a href=\"https:\/\/hgps.org.do\/es\/noticies\/reconocimiento-a-la-excelencia\/\">56 colaboradores del HGPS fueron reconocidos por su destacada labor a trav\u00e9s del Acto de Reconocimiento a la Excelencia<\/a><\/h2><time class=\"w-post-elm post_date usg_post_date_1 entry-date published\" datetime=\"2026-02-25T19:13:37+00:00\"><i class=\"far fa-calendar\"><\/i>25 febrero, 2026<\/time><\/div><\/div>\t<\/div>\r\n<\/article>\r\n<article class=\"w-grid-item size_1x1 post-28644 post type-post status-publish format-standard has-post-thumbnail hentry category-noticies\" data-id=\"28644\">\r\n\t<div class=\"w-grid-item-h\">\r\n\t\t\t\t<div class=\"w-hwrapper usg_hwrapper_1 align_left valign_top\"><div class=\"w-post-elm post_image usg_post_image_1 has_width has_ratio\"><div style=\"padding-bottom:150.0000%\"><\/div><a href=\"https:\/\/hgps.org.do\/es\/noticies\/comunicado-de-prensa\/\" aria-label=\"COMUNICADO DE PRENSA\"><img loading=\"lazy\" decoding=\"async\" width=\"2048\" height=\"1064\" src=\"https:\/\/hgps.org.do\/wp-content\/uploads\/2026\/01\/Comunicado-oficial-del-HGPS.jpeg\" class=\"attachment-full size-full wp-post-image\" alt=\"\" srcset=\"https:\/\/hgps.org.do\/wp-content\/uploads\/2026\/01\/Comunicado-oficial-del-HGPS.jpeg 2048w, https:\/\/hgps.org.do\/wp-content\/uploads\/2026\/01\/Comunicado-oficial-del-HGPS-600x312.jpeg 600w, https:\/\/hgps.org.do\/wp-content\/uploads\/2026\/01\/Comunicado-oficial-del-HGPS-1024x532.jpeg 1024w, https:\/\/hgps.org.do\/wp-content\/uploads\/2026\/01\/Comunicado-oficial-del-HGPS-18x9.jpeg 18w, https:\/\/hgps.org.do\/wp-content\/uploads\/2026\/01\/Comunicado-oficial-del-HGPS-768x399.jpeg 768w\" sizes=\"(max-width: 2048px) 100vw, 2048px\" \/><\/a><\/div><div class=\"w-vwrapper usg_vwrapper_1 align_left valign_top\"><h2 class=\"w-post-elm post_title usg_post_title_1 entry-title color_link_inherit\"><a href=\"https:\/\/hgps.org.do\/es\/noticies\/comunicado-de-prensa\/\">COMUNICADO DE PRENSA<\/a><\/h2><time class=\"w-post-elm post_date usg_post_date_1 entry-date published\" datetime=\"2026-01-14T13:52:10+00:00\"><i class=\"far fa-calendar\"><\/i>14 enero, 2026<\/time><\/div><\/div>\t<\/div>\r\n<\/article>\r\n<article class=\"w-grid-item size_1x1 post-28634 post type-post status-publish format-standard has-post-thumbnail hentry category-noticies\" data-id=\"28634\">\r\n\t<div class=\"w-grid-item-h\">\r\n\t\t\t\t<div class=\"w-hwrapper usg_hwrapper_1 align_left valign_top\"><div class=\"w-post-elm post_image usg_post_image_1 has_width has_ratio\"><div style=\"padding-bottom:150.0000%\"><\/div><a href=\"https:\/\/hgps.org.do\/es\/noticies\/dr-julio-a-castanos-guzman-es-reelecto-como-presidente-del-patronato\/\" aria-label=\"DR. JULIO A. CASTA\u00d1OS GUZM\u00c1N ES REELECTO COMO PRESIDENTE DEL PATRONATO DEL HOSPITAL GENERAL DE LA PLAZA DE LA SALUD, PER\u00cdODO 2026-2028\"><img loading=\"lazy\" decoding=\"async\" width=\"2560\" height=\"1429\" src=\"https:\/\/hgps.org.do\/wp-content\/uploads\/2025\/12\/Dr.-Julio-A.-Castanos-Guzman-junto-a-miembros-del-Patronato-y-directivos-del-HGPS-scaled.jpg\" class=\"attachment-full size-full wp-post-image\" alt=\"\" srcset=\"https:\/\/hgps.org.do\/wp-content\/uploads\/2025\/12\/Dr.-Julio-A.-Castanos-Guzman-junto-a-miembros-del-Patronato-y-directivos-del-HGPS-scaled.jpg 2560w, https:\/\/hgps.org.do\/wp-content\/uploads\/2025\/12\/Dr.-Julio-A.-Castanos-Guzman-junto-a-miembros-del-Patronato-y-directivos-del-HGPS-600x335.jpg 600w, https:\/\/hgps.org.do\/wp-content\/uploads\/2025\/12\/Dr.-Julio-A.-Castanos-Guzman-junto-a-miembros-del-Patronato-y-directivos-del-HGPS-1024x572.jpg 1024w, https:\/\/hgps.org.do\/wp-content\/uploads\/2025\/12\/Dr.-Julio-A.-Castanos-Guzman-junto-a-miembros-del-Patronato-y-directivos-del-HGPS-18x10.jpg 18w, https:\/\/hgps.org.do\/wp-content\/uploads\/2025\/12\/Dr.-Julio-A.-Castanos-Guzman-junto-a-miembros-del-Patronato-y-directivos-del-HGPS-768x429.jpg 768w\" sizes=\"(max-width: 2560px) 100vw, 2560px\" \/><\/a><\/div><div class=\"w-vwrapper usg_vwrapper_1 align_left valign_top\"><h2 class=\"w-post-elm post_title usg_post_title_1 entry-title color_link_inherit\"><a href=\"https:\/\/hgps.org.do\/es\/noticies\/dr-julio-a-castanos-guzman-es-reelecto-como-presidente-del-patronato\/\">DR. JULIO A. CASTA\u00d1OS GUZM\u00c1N ES REELECTO COMO PRESIDENTE DEL PATRONATO DEL HOSPITAL GENERAL DE LA PLAZA DE LA SALUD, PER\u00cdODO 2026-2028<\/a><\/h2><time class=\"w-post-elm post_date usg_post_date_1 entry-date published\" datetime=\"2025-12-04T14:03:57+00:00\"><i class=\"far fa-calendar\"><\/i>4 diciembre, 2025<\/time><\/div><\/div>\t<\/div>\r\n<\/article>\r\n<article class=\"w-grid-item size_1x1 post-28626 post type-post status-publish format-standard has-post-thumbnail hentry category-noticies\" data-id=\"28626\">\r\n\t<div class=\"w-grid-item-h\">\r\n\t\t\t\t<div class=\"w-hwrapper usg_hwrapper_1 align_left valign_top\"><div class=\"w-post-elm post_image usg_post_image_1 has_width has_ratio\"><div style=\"padding-bottom:150.0000%\"><\/div><a href=\"https:\/\/hgps.org.do\/es\/noticies\/hgps-celebra-reconocimiento-otorgado-al-dr-julio-amado-castanos-guzman\/\" aria-label=\"HGPS celebra reconocimiento otorgado al Dr. Julio Amado Casta\u00f1os Guzm\u00e1n durante la VI Jornada Internacional de Actualizaci\u00f3n en Donaci\u00f3n y Trasplante\"><img loading=\"lazy\" decoding=\"async\" width=\"2560\" height=\"1348\" src=\"https:\/\/hgps.org.do\/wp-content\/uploads\/2025\/12\/245GJD_2-scaled.jpg\" class=\"attachment-full size-full wp-post-image\" alt=\"HGPS celebra reconocimiento a especialistas\" srcset=\"https:\/\/hgps.org.do\/wp-content\/uploads\/2025\/12\/245GJD_2-scaled.jpg 2560w, https:\/\/hgps.org.do\/wp-content\/uploads\/2025\/12\/245GJD_2-600x316.jpg 600w, https:\/\/hgps.org.do\/wp-content\/uploads\/2025\/12\/245GJD_2-1024x539.jpg 1024w, https:\/\/hgps.org.do\/wp-content\/uploads\/2025\/12\/245GJD_2-18x9.jpg 18w, https:\/\/hgps.org.do\/wp-content\/uploads\/2025\/12\/245GJD_2-768x404.jpg 768w\" sizes=\"(max-width: 2560px) 100vw, 2560px\" \/><\/a><\/div><div class=\"w-vwrapper usg_vwrapper_1 align_left valign_top\"><h2 class=\"w-post-elm post_title usg_post_title_1 entry-title color_link_inherit\"><a href=\"https:\/\/hgps.org.do\/es\/noticies\/hgps-celebra-reconocimiento-otorgado-al-dr-julio-amado-castanos-guzman\/\">HGPS celebra reconocimiento otorgado al Dr. Julio Amado Casta\u00f1os Guzm\u00e1n durante la VI Jornada Internacional de Actualizaci\u00f3n en Donaci\u00f3n y Trasplante<\/a><\/h2><time class=\"w-post-elm post_date usg_post_date_1 entry-date published\" datetime=\"2025-12-04T13:45:18+00:00\"><i class=\"far fa-calendar\"><\/i>4 diciembre, 2025<\/time><\/div><\/div>\t<\/div>\r\n<\/article>\r\n<\/div><div class=\"w-grid-preloader\"><div class=\"g-preloader type_1\">\r\n\t<div><\/div>\r\n<\/div>\r\n<\/div>\t<div class=\"w-grid-json hidden\" onclick='return {&quot;action&quot;:&quot;us_ajax_grid&quot;,&quot;ajax_url&quot;:&quot;https:\\\/\\\/hgps.org.do\\\/wp-admin\\\/admin-ajax.php&quot;,&quot;infinite_scroll&quot;:0,&quot;max_num_pages&quot;:15,&quot;pagination&quot;:&quot;none&quot;,&quot;permalink_url&quot;:&quot;https:\\\/\\\/hgps.org.do\\\/es\\\/wp-json\\\/wp\\\/v2\\\/pages\\\/27532&quot;,&quot;template_vars&quot;:{&quot;columns&quot;:&quot;2&quot;,&quot;exclude_items&quot;:&quot;none&quot;,&quot;img_size&quot;:&quot;default&quot;,&quot;ignore_items_size&quot;:false,&quot;items_layout&quot;:&quot;26941&quot;,&quot;items_offset&quot;:&quot;1&quot;,&quot;overriding_link&quot;:&quot;none&quot;,&quot;post_id&quot;:27532,&quot;query_args&quot;:{&quot;post_type&quot;:[&quot;post&quot;],&quot;tax_query&quot;:[{&quot;taxonomy&quot;:&quot;category&quot;,&quot;field&quot;:&quot;slug&quot;,&quot;terms&quot;:[&quot;noticies&quot;]}],&quot;post_status&quot;:[&quot;publish&quot;],&quot;orderby&quot;:{&quot;date&quot;:&quot;DESC&quot;},&quot;posts_per_page&quot;:&quot;4&quot;},&quot;type&quot;:&quot;grid&quot;,&quot;us_grid_ajax_index&quot;:1,&quot;us_grid_filter_params&quot;:null,&quot;us_grid_index&quot;:1,&quot;_us_grid_post_type&quot;:&quot;post&quot;}}'><\/div>\r\n<\/div><\/div><\/div><\/div><div class=\"vc_col-sm-4 vc_hidden-sm vc_hidden-xs wpb_column vc_column_container\"><div class=\"vc_column-inner\"><div class=\"wpb_wrapper\"><h4 style=\"font-size: 30px;color: #b0b0b0;text-align: center;font-family:Titillium Web;font-weight:300;font-style:normal\" class=\"vc_custom_heading us_custom_89a44268\" >Vivir en Salud<\/h4><div class=\"wpb_text_column\" ><div class=\"wpb_wrapper\"><p>https:\/\/www.youtube.com\/watch?v=RV1cfZ9Cnbs<\/p>\n<\/div><\/div><\/div><\/div><\/div><\/div><\/div><\/section><section class=\"l-section wpb_row us_custom_704d9060 height_auto\"><div class=\"l-section-h i-cf\"><div class=\"g-cols vc_row type_default valign_top\"><div class=\"vc_col-sm-6 vc_hidden-lg vc_hidden-md wpb_column vc_column_container\"><div class=\"vc_column-inner\"><div class=\"wpb_wrapper\"><h4 style=\"font-size: 30px;color: #b0b0b0;text-align: center;font-family:Titillium Web;font-weight:300;font-style:normal\" class=\"vc_custom_heading us_custom_89a44268\" >Prevenci\u00f3n y Salud<\/h4><div class=\"w-grid type_grid layout_24097 cols_2\" id=\"us_grid_2\" data-grid-filter=\"false\"><style id=\"us_grid_2_css\">#us_grid_2 .w-grid-item{padding:1rem}#us_grid_2 .w-grid-list{margin:-1rem}.w-grid + #us_grid_2 .w-grid-list{margin-top:1rem}@media (max-width:599px){#us_grid_2 .w-grid-list{margin:0}#us_grid_2 .w-grid-item{width:100%;padding:0;margin-bottom:1rem}}<\/style><style>.layout_24097 .w-grid-item-h{}@media(max-width:79px){.layout_24097 .usg_post_date_1{display:none!important}}.layout_24097 .usg_post_image_1{margin-bottom:1rem!important}.layout_24097 .usg_post_title_1{color:#00acc9!important;font-family:'Open Sans', sans-serif!important;font-size:1rem!important;line-height:1.3rem!important;margin-bottom:0!important;padding-bottom:0!important}.layout_24097 .usg_post_date_1{margin-top:5px!important;font-size:0.8rem!important;color:#30414f!important;border-radius:0.2!important}.layout_24097 .usg_post_author_1{margin-top:5px!important;font-size:0.8rem!important;color:#30414f!important}<\/style><div class=\"w-grid-list\" ><article class=\"w-grid-item size_1x1 post-28677 post type-post status-publish format-standard has-post-thumbnail hentry category-noticies\" data-id=\"28677\">\r\n\t<div class=\"w-grid-item-h\">\r\n\t\t\t\t<div class=\"w-post-elm post_image usg_post_image_1 stretched\"><a href=\"https:\/\/hgps.org.do\/es\/noticies\/reconocimiento-a-la-excelencia\/\" aria-label=\"56 colaboradores del HGPS fueron reconocidos por su destacada labor a trav\u00e9s del Acto de Reconocimiento a la Excelencia\"><img loading=\"lazy\" decoding=\"async\" width=\"600\" height=\"353\" src=\"https:\/\/hgps.org.do\/wp-content\/uploads\/2026\/02\/83-600x353.jpg\" class=\"attachment-medium size-medium wp-post-image\" alt=\"56 colaboradores del HGPS fueron reconocidos por su destacada labor a trav\u00e9s del Acto de Reconocimiento a la Excelencia\" srcset=\"https:\/\/hgps.org.do\/wp-content\/uploads\/2026\/02\/83-600x353.jpg 600w, https:\/\/hgps.org.do\/wp-content\/uploads\/2026\/02\/83-1024x603.jpg 1024w, https:\/\/hgps.org.do\/wp-content\/uploads\/2026\/02\/83-18x12.jpg 18w, https:\/\/hgps.org.do\/wp-content\/uploads\/2026\/02\/83-768x452.jpg 768w\" sizes=\"(max-width: 600px) 100vw, 600px\" \/><\/a><\/div><h2 class=\"w-post-elm post_title usg_post_title_1 entry-title color_link_inherit has_text_color\"><a href=\"https:\/\/hgps.org.do\/es\/noticies\/reconocimiento-a-la-excelencia\/\">56 colaboradores del HGPS fueron reconocidos por su destacada labor a trav\u00e9s del Acto de Reconocimiento a la Excelencia<\/a><\/h2><time class=\"w-post-elm post_date usg_post_date_1 entry-date published archive_meta\" datetime=\"2026-02-25T19:13:37+00:00\"><i class=\"far fa-clock\"><\/i>25 febrero, 2026<\/time><div class=\"w-post-elm post_author usg_post_author_1 vcard author color_link_inherit has_text_color archive_meta\"><i class=\"fas fa-pen\"><\/i><div class=\"post-author-meta\"><a href=\"https:\/\/hgps.org.do\/es\/author\/jaraujo\/\" class=\"post-author-name fn\">Junior Maria Araujo<\/a><\/a><\/div><\/div>\t<\/div>\r\n<\/article>\r\n<article class=\"w-grid-item size_1x1 post-28644 post type-post status-publish format-standard has-post-thumbnail hentry category-noticies\" data-id=\"28644\">\r\n\t<div class=\"w-grid-item-h\">\r\n\t\t\t\t<div class=\"w-post-elm post_image usg_post_image_1 stretched\"><a href=\"https:\/\/hgps.org.do\/es\/noticies\/comunicado-de-prensa\/\" aria-label=\"COMUNICADO DE PRENSA\"><img loading=\"lazy\" decoding=\"async\" width=\"600\" height=\"312\" src=\"https:\/\/hgps.org.do\/wp-content\/uploads\/2026\/01\/Comunicado-oficial-del-HGPS-600x312.jpeg\" class=\"attachment-medium size-medium wp-post-image\" alt=\"\" srcset=\"https:\/\/hgps.org.do\/wp-content\/uploads\/2026\/01\/Comunicado-oficial-del-HGPS-600x312.jpeg 600w, https:\/\/hgps.org.do\/wp-content\/uploads\/2026\/01\/Comunicado-oficial-del-HGPS-1024x532.jpeg 1024w, https:\/\/hgps.org.do\/wp-content\/uploads\/2026\/01\/Comunicado-oficial-del-HGPS-18x9.jpeg 18w, https:\/\/hgps.org.do\/wp-content\/uploads\/2026\/01\/Comunicado-oficial-del-HGPS-768x399.jpeg 768w, https:\/\/hgps.org.do\/wp-content\/uploads\/2026\/01\/Comunicado-oficial-del-HGPS.jpeg 2048w\" sizes=\"(max-width: 600px) 100vw, 600px\" \/><\/a><\/div><h2 class=\"w-post-elm post_title usg_post_title_1 entry-title color_link_inherit has_text_color\"><a href=\"https:\/\/hgps.org.do\/es\/noticies\/comunicado-de-prensa\/\">COMUNICADO DE PRENSA<\/a><\/h2><time class=\"w-post-elm post_date usg_post_date_1 entry-date published archive_meta\" datetime=\"2026-01-14T13:52:10+00:00\"><i class=\"far fa-clock\"><\/i>14 enero, 2026<\/time><div class=\"w-post-elm post_author usg_post_author_1 vcard author color_link_inherit has_text_color archive_meta\"><i class=\"fas fa-pen\"><\/i><div class=\"post-author-meta\"><a href=\"https:\/\/hgps.org.do\/es\/author\/jaraujo\/\" class=\"post-author-name fn\">Junior Maria Araujo<\/a><\/a><\/div><\/div>\t<\/div>\r\n<\/article>\r\n<\/div><div class=\"w-grid-preloader\"><div class=\"g-preloader type_1\">\r\n\t<div><\/div>\r\n<\/div>\r\n<\/div>\t<div class=\"w-grid-json hidden\" onclick='return {&quot;action&quot;:&quot;us_ajax_grid&quot;,&quot;ajax_url&quot;:&quot;https:\\\/\\\/hgps.org.do\\\/wp-admin\\\/admin-ajax.php&quot;,&quot;infinite_scroll&quot;:0,&quot;max_num_pages&quot;:30,&quot;pagination&quot;:&quot;none&quot;,&quot;permalink_url&quot;:&quot;https:\\\/\\\/hgps.org.do\\\/es\\\/wp-json\\\/wp\\\/v2\\\/pages\\\/27532&quot;,&quot;template_vars&quot;:{&quot;columns&quot;:&quot;2&quot;,&quot;exclude_items&quot;:&quot;none&quot;,&quot;img_size&quot;:&quot;default&quot;,&quot;ignore_items_size&quot;:false,&quot;items_layout&quot;:&quot;24097&quot;,&quot;items_offset&quot;:&quot;1&quot;,&quot;overriding_link&quot;:&quot;none&quot;,&quot;post_id&quot;:28626,&quot;query_args&quot;:{&quot;post_type&quot;:[&quot;post&quot;],&quot;tax_query&quot;:[{&quot;taxonomy&quot;:&quot;category&quot;,&quot;field&quot;:&quot;slug&quot;,&quot;terms&quot;:[&quot;noticies&quot;]}],&quot;post_status&quot;:[&quot;publish&quot;],&quot;orderby&quot;:{&quot;date&quot;:&quot;DESC&quot;},&quot;posts_per_page&quot;:&quot;2&quot;},&quot;type&quot;:&quot;grid&quot;,&quot;us_grid_ajax_index&quot;:1,&quot;us_grid_filter_params&quot;:null,&quot;us_grid_index&quot;:2,&quot;_us_grid_post_type&quot;:&quot;post&quot;}}'><\/div>\r\n<\/div><\/div><\/div><\/div><div class=\"vc_col-sm-6 vc_hidden-lg vc_hidden-md wpb_column vc_column_container\"><div class=\"vc_column-inner\"><div class=\"wpb_wrapper\"><h4 style=\"font-size: 30px;color: #b0b0b0;text-align: center;font-family:Titillium Web;font-weight:300;font-style:normal\" class=\"vc_custom_heading us_custom_89a44268\" >Vivir en Salud<\/h4><div class=\"w-video align_left ratio_16x9\"><div class=\"w-video-h\"><iframe src=\"\/\/www.youtube.com\/embed\/CehF7L4Gy58?autoplay=0&controls=1&origin=https%3A%2F%2Fhgps.org.do\" allowfullscreen=\"1\"><\/iframe><\/div><div class=\"w-video-icon\" style=\"font-size:1.5rem;background:rgba(0,0,0,0.5);color:#fff;\"><\/div><\/div><\/div><\/div><\/div><\/div><\/div><\/section><section class=\"l-section wpb_row us_custom_62765ff7 height_medium width_full\"><div class=\"l-section-h i-cf\"><div class=\"g-cols vc_row type_default valign_top\"><\/div><\/div><\/section><div class=\"vc_col-sm-12 vc_hidden-sm vc_hidden-xs wpb_column vc_column_container\"><div class=\"vc_column-inner us_custom_464722d3\"><div class=\"wpb_wrapper\"><\/div><\/div><\/div>\n\t<div class=\"wpb_raw_code wpb_content_element wpb_raw_html\" >\n\t\t<div class=\"wpb_wrapper\">\n\t\t\t<div style=\"margin: 0 auto; padding-top: 0; text-align: center;\">\n<h2 style=\"color: #32477b; font-family: 'Titilium', sans-serif; font-size: 20px; font-weight: 100;\">Te puedes sentir seguro en HGPS<\/h2>\n<a style=\"\" href=\"https:\/\/www.medicaltourism.com\/mta-members\/hospital-general-de-la-plaza-de-la-salud\" target=\"_blank\" rel=\"noopener\"><img loading=\"lazy\" decoding=\"async\" style=\"margin-right: 20px;\" title=\"MTA-MEMBER\" src=\"https:\/\/www.hgps.org.do\/wp-content\/uploads\/2018\/10\/mta.jpg\" alt=\"\" width=\"84\" height=\"90\" \/><\/a><a style=\"\" href=\"http:\/\/medicaltourismcertification.com\/\" target=\"_blank\" rel=\"noopener\"><img loading=\"lazy\" decoding=\"async\" style=\"margin: 0 20px 0 10px;\" src=\"https:\/\/www.hgps.org.do\/wp-content\/uploads\/2018\/10\/ipsc_logo.jpg\" width=\"90\" height=\"90\" \/><\/a><a style=\"\" href=\"https:\/\/www.hgps.org.do\/wp-content\/uploads\/2020\/03\/hgps-certificaciones.pdf\" target=\"_blank\" rel=\"noopener\"><img loading=\"lazy\" decoding=\"async\" style=\"margin: 0 20px 0 10px;\" title=\"iso-9001-hgps\" src=\"https:\/\/www.hgps.org.do\/wp-content\/uploads\/2018\/11\/logo-iso9000-hgps.jpg\" alt=\"\" width=\"90\" height=\"90\" \/><\/a><a style=\"\" href=\"https:\/\/www.hgps.org.do\/wp-content\/uploads\/2020\/03\/hgps-certificaciones.pdf\" target=\"_blank\" rel=\"noopener\"><img loading=\"lazy\" decoding=\"async\" style=\"margin: 0 30px 0 10px;\" title=\"iso-9001-hgps\" src=\"https:\/\/www.hgps.org.do\/wp-content\/uploads\/2018\/11\/logo-dqr-hgps.jpg\" alt=\"\" width=\"96\" height=\"90\" \/>\n<\/a><a style=\"\" href=\"https:\/\/www.hgps.org.do\/wp-content\/uploads\/2020\/03\/hgps-certificaciones.pdf\" target=\"_blank\" rel=\"noopener\"><img loading=\"lazy\" decoding=\"async\" style=\"margin-right: 30px;\" title=\"iso-9001-hgps\" src=\"https:\/\/www.hgps.org.do\/wp-content\/uploads\/2018\/11\/logo-iqnet-hgps.jpg\" alt=\"\" width=\"80\" height=\"90\" \/><\/a><a style=\"\" href=\"http:\/\/adtusalud.org\/\" target=\"_blank\" rel=\"noopener\"><img loading=\"lazy\" decoding=\"async\" style=\"margin-right: 30px;\" src=\"https:\/\/www.hgps.org.do\/wp-content\/uploads\/2018\/10\/logo-adtusalud.jpeg\" width=\"163\" height=\"90\" \/><\/a><a style=\"\" href=\"http:\/\/www.isqua.org\/\" target=\"_blank\" rel=\"noopener\"><img loading=\"lazy\" decoding=\"async\" src=\"https:\/\/www.hgps.org.do\/wp-content\/uploads\/2018\/10\/logo-isqua.png\" width=\"109\" height=\"90\" \/><\/a><\/div>\n\t\t<\/div>\n\t<\/div>\n\n","protected":false},"excerpt":{"rendered":"Hospital General de la Plaza de la Salud (HGPS) fija posici\u00f3n institucional ante informaciones que circulan en el espacio p\u00fablico &nbsp; Santo Domingo, Rep\u00fablica Dominicana. 14 de enero, 2026 \u2014 El Hospital General de la Plaza de la Salud manifiesta, ante todo, su respeto y consideraci\u00f3n, as\u00ed como su comprensi\u00f3n ante el dolor y la...","protected":false},"author":218,"featured_media":0,"parent":0,"menu_order":0,"comment_status":"closed","ping_status":"closed","template":"","meta":{"footnotes":""},"_links":{"self":[{"href":"https:\/\/hgps.org.do\/es\/wp-json\/wp\/v2\/pages\/27532"}],"collection":[{"href":"https:\/\/hgps.org.do\/es\/wp-json\/wp\/v2\/pages"}],"about":[{"href":"https:\/\/hgps.org.do\/es\/wp-json\/wp\/v2\/types\/page"}],"author":[{"embeddable":true,"href":"https:\/\/hgps.org.do\/es\/wp-json\/wp\/v2\/users\/218"}],"replies":[{"embeddable":true,"href":"https:\/\/hgps.org.do\/es\/wp-json\/wp\/v2\/comments?post=27532"}],"version-history":[{"count":4,"href":"https:\/\/hgps.org.do\/es\/wp-json\/wp\/v2\/pages\/27532\/revisions"}],"predecessor-version":[{"id":27537,"href":"https:\/\/hgps.org.do\/es\/wp-json\/wp\/v2\/pages\/27532\/revisions\/27537"}],"wp:attachment":[{"href":"https:\/\/hgps.org.do\/es\/wp-json\/wp\/v2\/media?parent=27532"}],"curies":[{"name":"wp","href":"https:\/\/api.w.org\/{rel}","templated":true}]}}