{"id":27575,"date":"2022-09-27T17:42:33","date_gmt":"2022-09-27T17:42:33","guid":{"rendered":"https:\/\/hgps.org.do\/?page_id=27575"},"modified":"2024-10-31T20:34:32","modified_gmt":"2024-10-31T20:34:32","slug":"unidad-de-cuidados-paliativos","status":"publish","type":"page","link":"https:\/\/hgps.org.do\/es\/servicios-medicos\/unidad-de-cuidados-paliativos\/","title":{"rendered":"Unidad de Cuidados Paliativos"},"content":{"rendered":"<section class=\"l-section wpb_row height_auto width_full dept_desc\" id=\"tab_servicios\"><div class=\"l-section-h i-cf\"><div class=\"g-cols vc_row type_default valign_top\"><div class=\"vc_col-sm-12 vc_hidden-xs wpb_column vc_column_container\"><div class=\"vc_column-inner us_custom_eb1b9824\"><div class=\"wpb_wrapper\"><div class=\"g-cols wpb_row  type_default valign_top vc_inner\"><div class=\"vc_col-sm-2 wpb_column vc_column_container has-fill\"><div class=\"vc_column-inner us_custom_87b89bd3\"><div class=\"wpb_wrapper\"><div  class=\"vc_wp_custommenu wpb_content_element\"><div class=\"widget widget_nav_menu\"><div class=\"menu-servicios_medicos-container\"><ul id=\"menu-servicios_medicos\" class=\"menu\"><li id=\"menu-item-26219\" class=\"menu-item menu-item-type-post_type menu-item-object-page menu-item-26219\"><a href=\"https:\/\/hgps.org.do\/es\/alergologia-e-inmunologia-clinica\/\">Alergolog\u00eda e Inmunolog\u00eda Cl\u00ednica<\/a><\/li>\n<li id=\"menu-item-26204\" class=\"menu-item menu-item-type-post_type menu-item-object-page menu-item-26204\"><a href=\"https:\/\/hgps.org.do\/es\/servicios-medicos\/anatomia-patologica\/\">Anatom\u00eda Patol\u00f3gica<\/a><\/li>\n<li id=\"menu-item-27368\" class=\"menu-item menu-item-type-post_type menu-item-object-page menu-item-27368\"><a href=\"https:\/\/hgps.org.do\/es\/servicios-medicos\/atencion-primaria\/\">Atenci\u00f3n Primaria y Medicina Integral<\/a><\/li>\n<li id=\"menu-item-27363\" class=\"menu-item menu-item-type-post_type menu-item-object-page menu-item-27363\"><a href=\"https:\/\/hgps.org.do\/es\/servicios-medicos\/bloque-quirurgico\/\">Bloque Quir\u00fargico<\/a><\/li>\n<li id=\"menu-item-27364\" class=\"menu-item menu-item-type-post_type menu-item-object-page menu-item-27364\"><a href=\"https:\/\/hgps.org.do\/es\/servicios-medicos\/cardiologia\/\">Cardiolog\u00eda<\/a><\/li>\n<li id=\"menu-item-27367\" class=\"menu-item menu-item-type-post_type menu-item-object-page menu-item-27367\"><a href=\"https:\/\/hgps.org.do\/es\/servicios-medicos\/centro-vacunacion\/\">Centro de Vacunaci\u00f3n<\/a><\/li>\n<li id=\"menu-item-27365\" class=\"menu-item menu-item-type-post_type menu-item-object-page menu-item-27365\"><a href=\"https:\/\/hgps.org.do\/es\/servicios-medicos\/emergencia\/\">Emergencia<\/a><\/li>\n<li id=\"menu-item-26205\" class=\"menu-item menu-item-type-post_type menu-item-object-page menu-item-26205\"><a href=\"https:\/\/hgps.org.do\/es\/servicios-medicos\/gastroenterologia\/\">Gastroenterolog\u00eda<\/a><\/li>\n<li id=\"menu-item-26207\" class=\"menu-item menu-item-type-post_type menu-item-object-page menu-item-26207\"><a href=\"https:\/\/hgps.org.do\/es\/servicios-medicos\/geriatria\/\">Geriatr\u00eda<\/a><\/li>\n<li id=\"menu-item-26206\" class=\"menu-item menu-item-type-post_type menu-item-object-page menu-item-26206\"><a href=\"https:\/\/hgps.org.do\/es\/servicios-medicos\/ginecologia-y-obstetricia\/\">Ginecolog\u00eda y Obstetricia<\/a><\/li>\n<li id=\"menu-item-28187\" class=\"menu-item menu-item-type-post_type menu-item-object-page menu-item-28187\"><a href=\"https:\/\/hgps.org.do\/es\/servicios-medicos\/unidad-de-hemodinamia\/\">Unidad de Hemodinamia<\/a><\/li>\n<li id=\"menu-item-26209\" class=\"menu-item menu-item-type-post_type menu-item-object-page menu-item-26209\"><a href=\"https:\/\/hgps.org.do\/es\/servicios-medicos\/infectologia\/\">Infectolog\u00eda<\/a><\/li>\n<li id=\"menu-item-27366\" class=\"menu-item menu-item-type-post_type menu-item-object-page menu-item-27366\"><a href=\"https:\/\/hgps.org.do\/es\/servicios-medicos\/laboratorio\/\">Laboratorio Cl\u00ednico &#038; Banco de Sangre<\/a><\/li>\n<li id=\"menu-item-27331\" class=\"menu-item menu-item-type-post_type menu-item-object-page menu-item-27331\"><a href=\"https:\/\/hgps.org.do\/es\/servicios-medicos\/medicina-critica-y-terapia-intensiva\/\">Medicina Cr\u00edtica y Terapia Intensiva<\/a><\/li>\n<li id=\"menu-item-26210\" class=\"menu-item menu-item-type-post_type menu-item-object-page menu-item-26210\"><a href=\"https:\/\/hgps.org.do\/es\/servicios-medicos\/medicina-fisica-y-rehabilitacion\/\">Medicina F\u00edsica y Rehabilitaci\u00f3n<\/a><\/li>\n<li id=\"menu-item-26213\" class=\"menu-item menu-item-type-post_type menu-item-object-page menu-item-26213\"><a href=\"https:\/\/hgps.org.do\/es\/servicios-medicos\/medicinainterna\/\">Medicina Interna<\/a><\/li>\n<li id=\"menu-item-26212\" class=\"menu-item menu-item-type-post_type menu-item-object-page menu-item-26212\"><a href=\"https:\/\/hgps.org.do\/es\/servicios-medicos\/medicinanuclear\/\">Medicina Nuclear<\/a><\/li>\n<li id=\"menu-item-26214\" class=\"menu-item menu-item-type-post_type menu-item-object-page menu-item-26214\"><a href=\"https:\/\/hgps.org.do\/es\/servicios-medicos\/odontologia\/\">Odontolog\u00eda<\/a><\/li>\n<li id=\"menu-item-26215\" class=\"menu-item menu-item-type-post_type menu-item-object-page menu-item-26215\"><a href=\"https:\/\/hgps.org.do\/es\/servicios-medicos\/oftalmologia\/\">Oftalmolog\u00eda<\/a><\/li>\n<li id=\"menu-item-26216\" class=\"menu-item menu-item-type-post_type menu-item-object-page menu-item-26216\"><a href=\"https:\/\/hgps.org.do\/es\/servicios-medicos\/onco-hematologia\/\">Onco- Hematolog\u00eda<\/a><\/li>\n<li id=\"menu-item-27283\" class=\"menu-item menu-item-type-post_type menu-item-object-page menu-item-27283\"><a href=\"https:\/\/hgps.org.do\/es\/servicios-medicos\/geriatria-2\/\">Otorrinolaringolog\u00eda<\/a><\/li>\n<li id=\"menu-item-26217\" class=\"menu-item menu-item-type-post_type menu-item-object-page menu-item-26217\"><a href=\"https:\/\/hgps.org.do\/es\/servicios-medicos\/pediatria\/\">Pediatr\u00eda<\/a><\/li>\n<li id=\"menu-item-27586\" class=\"menu-item menu-item-type-post_type menu-item-object-page menu-item-27586\"><a href=\"https:\/\/hgps.org.do\/es\/servicios-medicos\/unidad-de-cuidados-paliativos\/\">Unidad de Cuidados Paliativos<\/a><\/li>\n<li id=\"menu-item-26218\" class=\"menu-item menu-item-type-post_type menu-item-object-page menu-item-26218\"><a href=\"https:\/\/hgps.org.do\/es\/servicios-medicos\/unidad-de-ortopedia-y-traumatologia\/\">Unidad de Ortopedia y Traumatolog\u00eda<\/a><\/li>\n<li id=\"menu-item-27714\" class=\"menu-item menu-item-type-post_type menu-item-object-page menu-item-27714\"><a href=\"https:\/\/hgps.org.do\/es\/servicios-medicos\/unidad-de-pie-diabetico\/\">Unidad de Pie Diab\u00e9tico<\/a><\/li>\n<li id=\"menu-item-26211\" class=\"menu-item menu-item-type-post_type menu-item-object-page menu-item-26211\"><a href=\"https:\/\/hgps.org.do\/es\/servicios-medicos\/unidad-de-trasplante\/\">Unidad de Trasplante<\/a><\/li>\n<\/ul><\/div><\/div><\/div><\/div><\/div><\/div><div class=\"vc_col-sm-8 wpb_column vc_column_container\"><div class=\"vc_column-inner us_custom_6f4bb857\"><div class=\"wpb_wrapper\"><div id=\"ultimate-heading-943769f0188eb2cde\" class=\"uvc-heading ult-adjust-bottom-margin ultimate-heading-943769f0188eb2cde uvc-5152 \" data-hspacer=\"line_only\"  data-halign=\"center\" style=\"text-align:center\"><div class=\"uvc-sub-heading ult-responsive\"  data-ultimate-target='.uvc-heading.ultimate-heading-943769f0188eb2cde .uvc-sub-heading '  data-responsive-json-new='{\"font-size\":\"\",\"line-height\":\"\"}'  style=\"font-weight:normal;\"><img loading=\"lazy\" decoding=\"async\" class=\"alignnone size-medium wp-image-27579\" src=\"https:\/\/hgps.org.do\/wp-content\/uploads\/2022\/09\/LOGO-CUIDADOS-PALIATIVOSweb-01-600x201.jpg\" alt=\"\" width=\"600\" height=\"201\" srcset=\"https:\/\/hgps.org.do\/wp-content\/uploads\/2022\/09\/LOGO-CUIDADOS-PALIATIVOSweb-01-600x201.jpg 600w, https:\/\/hgps.org.do\/wp-content\/uploads\/2022\/09\/LOGO-CUIDADOS-PALIATIVOSweb-01-18x6.jpg 18w, https:\/\/hgps.org.do\/wp-content\/uploads\/2022\/09\/LOGO-CUIDADOS-PALIATIVOSweb-01-768x258.jpg 768w, https:\/\/hgps.org.do\/wp-content\/uploads\/2022\/09\/LOGO-CUIDADOS-PALIATIVOSweb-01.jpg 941w\" sizes=\"(max-width: 600px) 100vw, 600px\" \/><\/div><div class=\"uvc-heading-spacer line_only\" style=\"margin-bottom:20px;height:2px;\"><span class=\"uvc-headings-line\" style=\"border-style:solid;border-bottom-width:2px;border-color:#00abc6;width:300px;\"><\/span><\/div><\/div><div class=\"wpb_text_column\" ><div class=\"wpb_wrapper\"><h2 style=\"text-align: center;\"><strong>Unidad de Cuidados Paliativos<\/strong><\/h2>\n<p>Los Cuidados Paliativos son un enfoque para mejorar la calidad de vida de los pacientes y sus familias que enfrentan los problemas asociados con enfermedades potencialmente mortales.<\/p>\n<p>Incluye la prevenci\u00f3n y el alivio del sufrimiento mediante la identificaci\u00f3n temprana, evaluaci\u00f3n y tratamiento del dolor, problemas f\u00edsicos, psicosociales y espirituales.<\/p>\n<p>El Hospital ha desarrollado una nueva propuesta de atenci\u00f3n a las personas con enfermedad cr\u00f3nica avanzada en etapa terminal y sus familias.<\/p>\n<p>Este acompa\u00f1amiento, est\u00e1 dividido en los \u00e1mbitos ambulatorio, por consulta f\u00edsicas en el HGPS y consultas domiciliarias para aquellos pacientes de dif\u00edcil transportaci\u00f3n o con limitaciones de movimiento, quienes recibir\u00e1n el seguimiento en sus viviendas y el \u00e1mbito hospitalario, para aquellos que necesiten un seguimiento m\u00e1s estrecho de forma puntual y de breve estancia.<\/p>\n<p><strong>Sistema de Gesti\u00f3n Integral:<\/strong><\/p>\n<p>Desarrollado bajo la metodolog\u00eda NEWPALEX\u00ae es un Sistema de Gesti\u00f3n Integral que permite alcanzar la excelencia en programas y recursos de cuidados paliativos involucrando a la organizaci\u00f3n, los profesionales y la comunidad, reconocido mundialmente y que hoy a trav\u00e9s del HGPS ponemos a disposici\u00f3n de nuestros pacientes.<\/p>\n<p><strong>Los objetivos del programa comprenden:<\/strong><\/p>\n<ul>\n<li>Control del dolor<\/li>\n<li>Mejorar la calidad de vida<\/li>\n<li>Reducci\u00f3n de costos por atenci\u00f3n<\/li>\n<li>Satisfacci\u00f3n del paciente y su familia<\/li>\n<li>Aumentar la sensaci\u00f3n de bienestar<\/li>\n<\/ul>\n<p><strong>\u00a0<\/strong><strong>Servicios y procedimientos:<\/strong><\/p>\n<ul>\n<li>Atenci\u00f3n integral domiciliaria, ambulatoria y hospitalaria<\/li>\n<li>Atenci\u00f3n m\u00e9dica integral por equipo formado en cuidados paliativos<\/li>\n<li>Apoyo y acompa\u00f1amiento psico-espiritual por psicolog\u00eda y gu\u00eda espiritual para el paciente y su familia<\/li>\n<li>Atenci\u00f3n por trabajo social, enfocada a mejorar el acceso y gesti\u00f3n de recursos, as\u00ed como aumentar la red de apoyo familiar y comunitaria<\/li>\n<li>L\u00ednea Horizonte: Apoyo telef\u00f3nico 24-7<\/li>\n<li>Entrenamientos digitales con acceso al aula virtual HGPS<\/li>\n<li>Talleres y actividades de integraci\u00f3n para pacientes y cuidadores<\/li>\n<\/ul>\n<p><strong>Citas:<\/strong><\/p>\n<p>Para m\u00e1s informaci\u00f3n sobre los servicios o solicitudes de citas, ll\u00e1menos al 809-565-7477 ext.: 7056, 7042.<\/p>\n<p>&nbsp;<\/p>\n<p><strong>Ubicaci\u00f3n:<\/strong><\/p>\n<p>Edificio #5, Atenci\u00f3n Primaria, segundo nivel.<\/p>\n<p><strong>Horarios:<\/strong><\/p>\n<p>Lunes a viernes de 08:00 a. m. a 4:00 p. m.<\/p>\n<\/div><\/div><\/div><\/div><\/div><div class=\"vc_col-sm-2 wpb_column vc_column_container\"><div class=\"vc_column-inner\"><div class=\"wpb_wrapper\"><h4 class=\"w-text us_custom_7c701dfd\"><span class=\"w-text-h\"><span class=\"w-text-value\">Solicitudes<\/span><\/span><\/h4><div class=\"w-text\"><a title=\"Voluntarios Cuidados Paliativos\" href=\"https:\/\/hgps.org.do\/es\/servicios-medicos\/unidad-de-cuidados-paliativos\/voluntarioscuidadospaliativos\/\" class=\"w-text-h\"><span class=\"w-text-value\">Red de Cuidadores Cuidados Paliativos<\/span><\/a><\/div>\n\t<div class=\"wpb_raw_code wpb_content_element wpb_raw_html\" >\n\t\t<div class=\"wpb_wrapper\">\n\t\t\t<hr style=\"border: 1px solid #00DDFF;\">\n\t\t<\/div>\n\t<\/div>\n<div class=\"w-text\"><a title=\"Embajadores HGPS\" href=\"https:\/\/hgps.org.do\/servicios-medicos\/unidad-de-cuidados-paliativos\/embajadores_hgps\/\" class=\"w-text-h\"><span class=\"w-text-value\">Embajadores HGPS<\/span><\/a><\/div><\/div><\/div><\/div><\/div><\/div><\/div><\/div><\/div><\/div><\/section><section class=\"l-section wpb_row us_custom_4edece6e height_auto width_full dept_desc\"><div class=\"l-section-h i-cf\"><div class=\"g-cols vc_row type_default valign_top\"><div class=\"vc_col-sm-12 vc_hidden-lg vc_hidden-md vc_hidden-sm wpb_column vc_column_container\"><div class=\"vc_column-inner us_custom_6a15714b\"><div class=\"wpb_wrapper\"><div id=\"ultimate-heading-24769f0188eb53f5\" class=\"uvc-heading ult-adjust-bottom-margin ultimate-heading-24769f0188eb53f5 uvc-7256 \" data-hspacer=\"line_only\"  data-halign=\"center\" style=\"text-align:center\"><div class=\"uvc-main-heading ult-responsive\"  data-ultimate-target='.uvc-heading.ultimate-heading-24769f0188eb53f5 h2'  data-responsive-json-new='{\"font-size\":\"\",\"line-height\":\"\"}' ><h2 style=\"font-weight:normal;margin-bottom:10px;\">Unidad de Cuidados Paliativos<\/h2><\/div><div class=\"uvc-heading-spacer line_only\" style=\"margin-bottom:20px;height:2px;\"><span class=\"uvc-headings-line\" style=\"border-style:solid;border-bottom-width:2px;border-color:#00abc6;width:300px;\"><\/span><\/div><\/div><\/div><\/div><\/div><\/div><\/div><\/section><section class=\"l-section wpb_row us_custom_4edece6e height_auto width_full dept_desc\"><div class=\"l-section-h i-cf\"><div class=\"g-cols vc_row type_default valign_top\"><div class=\"vc_col-sm-12 vc_hidden-lg vc_hidden-md vc_hidden-sm wpb_column vc_column_container\"><div class=\"vc_column-inner us_custom_d984a24d\"><div class=\"wpb_wrapper\"><div class=\"wpb_text_column\" ><div class=\"wpb_wrapper\"><p><strong>Unidad de Cuidados Paliativos:<\/strong><\/p>\n<p>&nbsp;<\/p>\n<p>Los Cuidados Paliativos son un enfoque para mejorar la calidad de vida de los pacientes y sus familias que enfrentan los problemas asociados con enfermedades potencialmente mortales.<\/p>\n<p>Incluye la prevenci\u00f3n y el alivio del sufrimiento mediante la identificaci\u00f3n temprana, evaluaci\u00f3n y tratamiento del dolor, problemas f\u00edsicos, psicosociales y espirituales.<\/p>\n<p>El Hospital ha desarrollado una nueva propuesta de atenci\u00f3n a las personas con enfermedad cr\u00f3nica avanzada en etapa terminal y sus familias.<\/p>\n<p>Este acompa\u00f1amiento, est\u00e1 dividido en los \u00e1mbitos ambulatorio, por consulta f\u00edsicas en el HGPS y consultas domiciliarias para aquellos pacientes de dif\u00edcil transportaci\u00f3n o con limitaciones de movimiento, quienes recibir\u00e1n el seguimiento en sus viviendas y el \u00e1mbito hospitalario, para aquellos que necesiten un seguimiento m\u00e1s estrecho de forma puntual y de breve estancia.<\/p>\n<p><strong>Sistema de Gesti\u00f3n Integral:<\/strong><\/p>\n<p>Desarrollado bajo la metodolog\u00eda NEWPALEX\u00ae es un Sistema de Gesti\u00f3n Integral que permite alcanzar la excelencia en programas y recursos de cuidados paliativos involucrando a la organizaci\u00f3n, los profesionales y la comunidad, reconocido mundialmente y que hoy a trav\u00e9s del HGPS ponemos a disposici\u00f3n de nuestros pacientes.<\/p>\n<p><strong>Los objetivos del programa comprenden:<\/strong><\/p>\n<ul>\n<li>Control del dolor<\/li>\n<li>Mejorar la calidad de vida<\/li>\n<li>Reducci\u00f3n de costos por atenci\u00f3n<\/li>\n<li>Satisfacci\u00f3n del paciente y su familia<\/li>\n<li>Aumentar la sensaci\u00f3n de bienestar<\/li>\n<\/ul>\n<p><strong>\u00a0<\/strong><\/p>\n<p><strong>Servicios y procedimientos:<\/strong><\/p>\n<p>&nbsp;<\/p>\n<ul>\n<li>Atenci\u00f3n integral domiciliaria, ambulatoria y hospitalaria<\/li>\n<li>Atenci\u00f3n m\u00e9dica integral por equipo formado en cuidados paliativos<\/li>\n<li>Apoyo y acompa\u00f1amiento psico-espiritual por psicolog\u00eda y gu\u00eda espiritual para el paciente y su familia<\/li>\n<li>Atenci\u00f3n por trabajo social, enfocada a mejorar el acceso y gesti\u00f3n de recursos, as\u00ed como aumentar la red de apoyo familiar y comunitaria<\/li>\n<li>L\u00ednea Horizonte: Apoyo telef\u00f3nico 24-7<\/li>\n<li>Entrenamientos digitales con acceso al aula virtual HGPS<\/li>\n<li>Talleres y actividades de integraci\u00f3n para pacientes y cuidadores<\/li>\n<\/ul>\n<p>&nbsp;<\/p>\n<p><strong>Citas:<\/strong><\/p>\n<p>&nbsp;<\/p>\n<p>Para m\u00e1s informaci\u00f3n sobre los servicios o solicitudes de citas, ll\u00e1menos al 809-565-7477 ext.: 7056, 7042.<\/p>\n<p>&nbsp;<\/p>\n<p>&nbsp;<\/p>\n<p><strong>Ubicaci\u00f3n:<\/strong><\/p>\n<p>&nbsp;<\/p>\n<p>Edificio #5, Atenci\u00f3n Primaria, segundo nivel.<\/p>\n<p>&nbsp;<\/p>\n<p><strong>Horarios:<\/strong><\/p>\n<p>Lunes a viernes de 08:00 a. m. a 4:00 p. m.<\/p>\n<\/div><\/div><\/div><\/div><\/div><\/div><\/div><\/section><section class=\"l-section wpb_row us_custom_4edece6e height_auto width_full dept_desc\"><div class=\"l-section-h i-cf\"><div class=\"g-cols vc_row type_default valign_top\"><div class=\"vc_col-sm-12 wpb_column vc_column_container\"><div class=\"vc_column-inner us_custom_ba97dd08\"><div class=\"wpb_wrapper\"><\/div><\/div><\/div><\/div><\/div><\/section>\n","protected":false},"excerpt":{"rendered":"Alergolog\u00eda e Inmunolog\u00eda Cl\u00ednica Anatom\u00eda Patol\u00f3gica Atenci\u00f3n Primaria y Medicina Integral Bloque Quir\u00fargico Cardiolog\u00eda Centro de Vacunaci\u00f3n Emergencia Gastroenterolog\u00eda Geriatr\u00eda Ginecolog\u00eda y Obstetricia Unidad de Hemodinamia Infectolog\u00eda Laboratorio Cl\u00ednico &#038; Banco de Sangre Medicina Cr\u00edtica y Terapia Intensiva Medicina F\u00edsica y Rehabilitaci\u00f3n Medicina Interna Medicina Nuclear Odontolog\u00eda Oftalmolog\u00eda Onco- Hematolog\u00eda Otorrinolaringolog\u00eda Pediatr\u00eda Unidad de Cuidados...","protected":false},"author":218,"featured_media":0,"parent":22825,"menu_order":26,"comment_status":"closed","ping_status":"closed","template":"","meta":{"footnotes":""},"_links":{"self":[{"href":"https:\/\/hgps.org.do\/es\/wp-json\/wp\/v2\/pages\/27575"}],"collection":[{"href":"https:\/\/hgps.org.do\/es\/wp-json\/wp\/v2\/pages"}],"about":[{"href":"https:\/\/hgps.org.do\/es\/wp-json\/wp\/v2\/types\/page"}],"author":[{"embeddable":true,"href":"https:\/\/hgps.org.do\/es\/wp-json\/wp\/v2\/users\/218"}],"replies":[{"embeddable":true,"href":"https:\/\/hgps.org.do\/es\/wp-json\/wp\/v2\/comments?post=27575"}],"version-history":[{"count":14,"href":"https:\/\/hgps.org.do\/es\/wp-json\/wp\/v2\/pages\/27575\/revisions"}],"predecessor-version":[{"id":28256,"href":"https:\/\/hgps.org.do\/es\/wp-json\/wp\/v2\/pages\/27575\/revisions\/28256"}],"up":[{"embeddable":true,"href":"https:\/\/hgps.org.do\/es\/wp-json\/wp\/v2\/pages\/22825"}],"wp:attachment":[{"href":"https:\/\/hgps.org.do\/es\/wp-json\/wp\/v2\/media?parent=27575"}],"curies":[{"name":"wp","href":"https:\/\/api.w.org\/{rel}","templated":true}]}}