{"id":27825,"date":"2023-09-08T19:10:48","date_gmt":"2023-09-08T19:10:48","guid":{"rendered":"https:\/\/hgps.org.do\/?page_id=27825"},"modified":"2023-12-12T12:28:36","modified_gmt":"2023-12-12T12:28:36","slug":"convocatoria_licitacion_hgps_para_adquisicion_de_una_ambulancia_terrestre_equipada","status":"publish","type":"page","link":"https:\/\/hgps.org.do\/es\/convocatoria_licitacion_hgps_para_adquisicion_de_una_ambulancia_terrestre_equipada\/","title":{"rendered":"Convocatoria: Licitaci\u00f3n HGPS para adquisici\u00f3n de una ambulancia terrestre equipada"},"content":{"rendered":"<section class=\"l-section wpb_row height_medium\"><div class=\"l-section-h i-cf\"><div class=\"g-cols vc_row type_default valign_top\"><div class=\"vc_col-sm-12 wpb_column vc_column_container\"><div class=\"vc_column-inner\"><div class=\"wpb_wrapper\">\n\t<div class=\"wpb_raw_code wpb_content_element wpb_raw_html\" >\n\t\t<div class=\"wpb_wrapper\">\n\t\t\t<h3>Convocatoria: Licitaci\u00f3n HGPS para adquisici\u00f3n de una ambulancia terrestre equipada<\/h3>\n<\/br>\n<h3>Notificaci\u00f3n de Adjudicaci\u00f3n de Contrato por Licitaci\u00f3n<\/h3>\n<\/br>\n\t\t<\/div>\n\t<\/div>\n<div class=\"w-image us_custom_2454028a align_none\"><div class=\"w-image-h\"><img loading=\"lazy\" decoding=\"async\" width=\"1024\" height=\"1024\" src=\"https:\/\/hgps.org.do\/wp-content\/uploads\/2023\/12\/Adjudicacion-de-Contrato-1024x1024.png\" class=\"attachment-large size-large\" alt=\"Adjudicaci\u00f3n de Contrato\" srcset=\"https:\/\/hgps.org.do\/wp-content\/uploads\/2023\/12\/Adjudicacion-de-Contrato-1024x1024.png 1024w, https:\/\/hgps.org.do\/wp-content\/uploads\/2023\/12\/Adjudicacion-de-Contrato-400x400.png 400w, https:\/\/hgps.org.do\/wp-content\/uploads\/2023\/12\/Adjudicacion-de-Contrato-150x150.png 150w, https:\/\/hgps.org.do\/wp-content\/uploads\/2023\/12\/Adjudicacion-de-Contrato-12x12.png 12w, https:\/\/hgps.org.do\/wp-content\/uploads\/2023\/12\/Adjudicacion-de-Contrato-600x600.png 600w, https:\/\/hgps.org.do\/wp-content\/uploads\/2023\/12\/Adjudicacion-de-Contrato-768x768.png 768w\" sizes=\"(max-width: 1024px) 100vw, 1024px\" \/><\/div><\/div><div class=\"wpb_text_column\" ><div class=\"wpb_wrapper\"><p><img loading=\"lazy\" decoding=\"async\" class=\"aligncenter wp-image-27826 size-large\" src=\"https:\/\/hgps.org.do\/wp-content\/uploads\/2023\/09\/Convocatoria-Licitacion-Hospital-General-de-la-Plaza-de-la-Salud-1024x1024.png\" alt=\"\" width=\"1024\" height=\"1024\" srcset=\"https:\/\/hgps.org.do\/wp-content\/uploads\/2023\/09\/Convocatoria-Licitacion-Hospital-General-de-la-Plaza-de-la-Salud-1024x1024.png 1024w, https:\/\/hgps.org.do\/wp-content\/uploads\/2023\/09\/Convocatoria-Licitacion-Hospital-General-de-la-Plaza-de-la-Salud-400x400.png 400w, https:\/\/hgps.org.do\/wp-content\/uploads\/2023\/09\/Convocatoria-Licitacion-Hospital-General-de-la-Plaza-de-la-Salud-150x150.png 150w, https:\/\/hgps.org.do\/wp-content\/uploads\/2023\/09\/Convocatoria-Licitacion-Hospital-General-de-la-Plaza-de-la-Salud-12x12.png 12w, https:\/\/hgps.org.do\/wp-content\/uploads\/2023\/09\/Convocatoria-Licitacion-Hospital-General-de-la-Plaza-de-la-Salud-600x600.png 600w, https:\/\/hgps.org.do\/wp-content\/uploads\/2023\/09\/Convocatoria-Licitacion-Hospital-General-de-la-Plaza-de-la-Salud-768x768.png 768w\" sizes=\"(max-width: 1024px) 100vw, 1024px\" \/><\/p>\n<h6>Descargar PDF:<\/h6>\n<p><a href=\"https:\/\/hgps.org.do\/wp-content\/uploads\/2023\/09\/Licitacion-para-adquisicion-de-una-1-Ambulancia-Terrestre.pdf\">Licitaci\u00f3n para adquisici\u00f3n de una (1) Ambulancia Terrestre<\/a><\/p>\n<p><a href=\"https:\/\/hgps.org.do\/wp-content\/uploads\/2023\/09\/Especificaciones-Tecnicas-Licitacion-Ambulancia-HGPS.pdf\">Especificaciones T\u00e9cnicas Licitaci\u00f3n Ambulancia HGPS<\/a><\/p>\n<\/div><\/div><\/div><\/div><\/div><\/div><\/div><\/section><section class=\"l-section wpb_row height_medium\"><div class=\"l-section-h i-cf\"><div class=\"g-cols vc_row type_default valign_top\"><div class=\"vc_col-sm-12 wpb_column vc_column_container\"><div class=\"vc_column-inner\"><div class=\"wpb_wrapper\"><\/div><\/div><\/div><\/div><\/div><\/section>\n","protected":false},"excerpt":{"rendered":"Convocatoria: Licitaci\u00f3n HGPS para adquisici\u00f3n de una ambulancia terrestre equipada Notificaci\u00f3n de Adjudicaci\u00f3n de Contrato por Licitaci\u00f3n Descargar PDF: Licitaci\u00f3n para adquisici\u00f3n de una (1) Ambulancia Terrestre Especificaciones T\u00e9cnicas Licitaci\u00f3n Ambulancia HGPS","protected":false},"author":221,"featured_media":0,"parent":0,"menu_order":0,"comment_status":"closed","ping_status":"closed","template":"","meta":{"footnotes":""},"_links":{"self":[{"href":"https:\/\/hgps.org.do\/es\/wp-json\/wp\/v2\/pages\/27825"}],"collection":[{"href":"https:\/\/hgps.org.do\/es\/wp-json\/wp\/v2\/pages"}],"about":[{"href":"https:\/\/hgps.org.do\/es\/wp-json\/wp\/v2\/types\/page"}],"author":[{"embeddable":true,"href":"https:\/\/hgps.org.do\/es\/wp-json\/wp\/v2\/users\/221"}],"replies":[{"embeddable":true,"href":"https:\/\/hgps.org.do\/es\/wp-json\/wp\/v2\/comments?post=27825"}],"version-history":[{"count":13,"href":"https:\/\/hgps.org.do\/es\/wp-json\/wp\/v2\/pages\/27825\/revisions"}],"predecessor-version":[{"id":28114,"href":"https:\/\/hgps.org.do\/es\/wp-json\/wp\/v2\/pages\/27825\/revisions\/28114"}],"wp:attachment":[{"href":"https:\/\/hgps.org.do\/es\/wp-json\/wp\/v2\/media?parent=27825"}],"curies":[{"name":"wp","href":"https:\/\/api.w.org\/{rel}","templated":true}]}}