{"id":28249,"date":"2024-10-31T19:34:30","date_gmt":"2024-10-31T19:34:30","guid":{"rendered":"https:\/\/hgps.org.do\/?page_id=28249"},"modified":"2024-10-31T20:33:14","modified_gmt":"2024-10-31T20:33:14","slug":"embajadores_hgps","status":"publish","type":"page","link":"https:\/\/hgps.org.do\/es\/servicios-medicos\/unidad-de-cuidados-paliativos\/embajadores_hgps\/","title":{"rendered":"Embajadores HGPS"},"content":{"rendered":"<section class=\"l-section wpb_row us_custom_99817634 height_medium\"><div class=\"l-section-h i-cf\"><div class=\"g-cols vc_row type_default valign_top\"><div class=\"vc_col-sm-12 wpb_column vc_column_container\"><div class=\"vc_column-inner\"><div class=\"wpb_wrapper\"><script type=\"text\/javascript\">var gform;gform||(document.addEventListener(\"gform_main_scripts_loaded\",function(){gform.scriptsLoaded=!0}),window.addEventListener(\"DOMContentLoaded\",function(){gform.domLoaded=!0}),gform={domLoaded:!1,scriptsLoaded:!1,initializeOnLoaded:function(o){gform.domLoaded&&gform.scriptsLoaded?o():!gform.domLoaded&&gform.scriptsLoaded?window.addEventListener(\"DOMContentLoaded\",o):document.addEventListener(\"gform_main_scripts_loaded\",o)},hooks:{action:{},filter:{}},addAction:function(o,n,r,t){gform.addHook(\"action\",o,n,r,t)},addFilter:function(o,n,r,t){gform.addHook(\"filter\",o,n,r,t)},doAction:function(o){gform.doHook(\"action\",o,arguments)},applyFilters:function(o){return gform.doHook(\"filter\",o,arguments)},removeAction:function(o,n){gform.removeHook(\"action\",o,n)},removeFilter:function(o,n,r){gform.removeHook(\"filter\",o,n,r)},addHook:function(o,n,r,t,i){null==gform.hooks[o][n]&&(gform.hooks[o][n]=[]);var e=gform.hooks[o][n];null==i&&(i=n+\"_\"+e.length),gform.hooks[o][n].push({tag:i,callable:r,priority:t=null==t?10:t})},doHook:function(n,o,r){var t;if(r=Array.prototype.slice.call(r,1),null!=gform.hooks[n][o]&&((o=gform.hooks[n][o]).sort(function(o,n){return o.priority-n.priority}),o.forEach(function(o){\"function\"!=typeof(t=o.callable)&&(t=window[t]),\"action\"==n?t.apply(null,r):r[0]=t.apply(null,r)})),\"filter\"==n)return r[0]},removeHook:function(o,n,t,i){var r;null!=gform.hooks[o][n]&&(r=(r=gform.hooks[o][n]).filter(function(o,n,r){return!!(null!=i&&i!=o.tag||null!=t&&t!=o.priority)}),gform.hooks[o][n]=r)}});<\/script>\n                <div class='gf_browser_gecko gform_wrapper gravity-theme gform-theme--no-framework' data-form-theme='gravity-theme' data-form-index='0' id='gform_wrapper_16' >\n                        <div class='gform_heading'>\n                            <h2 class=\"gform_title\">Embajadores HGPS<\/h2>\n                            <p class='gform_description'>Unidad de Cuidados Paliativos para registro de voluntarios internos.<\/p>\n                        <\/div><form method='post' enctype='multipart\/form-data'  id='gform_16'  action='\/es\/wp-json\/wp\/v2\/pages\/28249' data-formid='16' novalidate>\n                        <div class='gform-body gform_body'><div id='gform_fields_16' class='gform_fields top_label form_sublabel_above description_above'><fieldset id=\"field_16_1\" class=\"gfield gfield--type-name gfield_contains_required field_sublabel_above gfield--no-description field_description_above gfield_visibility_visible\"  data-js-reload=\"field_16_1\" ><legend class='gfield_label gform-field-label gfield_label_before_complex' >Nombre<span class=\"gfield_required\"><span class=\"gfield_required gfield_required_text\">(Obligatorio)<\/span><\/span><\/legend><div class='ginput_complex ginput_container ginput_container--name no_prefix has_first_name no_middle_name has_last_name no_suffix gf_name_has_2 ginput_container_name gform-grid-row' id='input_16_1'>\n                            \n                            <span id='input_16_1_3_container' class='name_first gform-grid-col gform-grid-col--size-auto' >\n                                                    <label for='input_16_1_3' class='gform-field-label gform-field-label--type-sub '>Nombre<\/label>\n                                                    <input type='text' name='input_1.3' id='input_16_1_3' value=''   aria-required='true'    autocomplete=\"given-name\" \/>\n                                                <\/span>\n                            \n                            <span id='input_16_1_6_container' class='name_last gform-grid-col gform-grid-col--size-auto' >\n                                                            <label for='input_16_1_6' class='gform-field-label gform-field-label--type-sub '>Apellidos<\/label>\n                                                            <input type='text' name='input_1.6' id='input_16_1_6' value=''   aria-required='true'    autocomplete=\"family-name\" \/>\n                                                        <\/span>\n                            \n                        <\/div><\/fieldset><div id=\"field_16_4\" class=\"gfield gfield--type-text gfield--width-half gfield_contains_required field_sublabel_above gfield--no-description field_description_above gfield_visibility_visible\"  data-js-reload=\"field_16_4\" ><label class='gfield_label gform-field-label' for='input_16_4'>C\u00f3digo de empleado<span class=\"gfield_required\"><span class=\"gfield_required gfield_required_text\">(Obligatorio)<\/span><\/span><\/label><div class='ginput_container ginput_container_text'><input name='input_4' id='input_16_4' type='text' value='' class='large'     aria-required=\"true\" aria-invalid=\"false\"   \/> <\/div><\/div><div id=\"field_16_5\" class=\"gfield gfield--type-text gfield--width-half gfield_contains_required field_sublabel_above gfield--no-description field_description_above gfield_visibility_visible\"  data-js-reload=\"field_16_5\" ><label class='gfield_label gform-field-label' for='input_16_5'>\u00c1rea de trabajo<span class=\"gfield_required\"><span class=\"gfield_required gfield_required_text\">(Obligatorio)<\/span><\/span><\/label><div class='ginput_container ginput_container_text'><input name='input_5' id='input_16_5' type='text' value='' class='large'     aria-required=\"true\" aria-invalid=\"false\"   \/> <\/div><\/div><div id=\"field_16_6\" class=\"gfield gfield--type-text gfield--width-half gfield_contains_required field_sublabel_above gfield--no-description field_description_above gfield_visibility_visible\"  data-js-reload=\"field_16_6\" ><label class='gfield_label gform-field-label' for='input_16_6'>Supervisor directo<span class=\"gfield_required\"><span class=\"gfield_required gfield_required_text\">(Obligatorio)<\/span><\/span><\/label><div class='ginput_container ginput_container_text'><input name='input_6' id='input_16_6' type='text' value='' class='large'     aria-required=\"true\" aria-invalid=\"false\"   \/> <\/div><\/div><div id=\"field_16_9\" class=\"gfield gfield--type-text gfield--width-half gfield_contains_required field_sublabel_above gfield--no-description field_description_above gfield_visibility_visible\"  data-js-reload=\"field_16_9\" ><label class='gfield_label gform-field-label' for='input_16_9'>Tel\u00e9fono<span class=\"gfield_required\"><span class=\"gfield_required gfield_required_text\">(Obligatorio)<\/span><\/span><\/label><div class='ginput_container ginput_container_text'><input name='input_9' id='input_16_9' type='text' value='' class='large'     aria-required=\"true\" aria-invalid=\"false\"   \/> <\/div><\/div><div id=\"field_16_10\" class=\"gfield gfield--type-email gfield--width-half gfield_contains_required field_sublabel_above gfield--no-description field_description_above gfield_visibility_visible\"  data-js-reload=\"field_16_10\" ><label class='gfield_label gform-field-label' for='input_16_10'>Email<span class=\"gfield_required\"><span class=\"gfield_required gfield_required_text\">(Obligatorio)<\/span><\/span><\/label><div class='ginput_container ginput_container_email'>\n                            <input name='input_10' id='input_16_10' type='email' value='' class='large'    aria-required=\"true\" aria-invalid=\"false\"  \/>\n                        <\/div><\/div><div id=\"field_16_11\" class=\"gfield gfield--type-text gfield--width-half field_sublabel_above gfield--no-description field_description_above gfield_visibility_visible\"  data-js-reload=\"field_16_11\" ><label class='gfield_label gform-field-label' for='input_16_11'>Ocupaci\u00f3n<\/label><div class='ginput_container ginput_container_text'><input name='input_11' id='input_16_11' type='text' value='' class='large'      aria-invalid=\"false\"   \/> <\/div><\/div><div id=\"field_16_12\" class=\"gfield gfield--type-text gfield--width-half field_sublabel_above gfield--no-description field_description_above gfield_visibility_visible\"  data-js-reload=\"field_16_12\" ><label class='gfield_label gform-field-label' for='input_16_12'>Religi\u00f3n<\/label><div class='ginput_container ginput_container_text'><input name='input_12' id='input_16_12' type='text' value='' class='large'      aria-invalid=\"false\"   \/> <\/div><\/div><div id=\"field_16_13\" class=\"gfield gfield--type-text gfield--width-half field_sublabel_above gfield--no-description field_description_above gfield_visibility_visible\"  data-js-reload=\"field_16_13\" ><label class='gfield_label gform-field-label' for='input_16_13'>Direcci\u00f3n\/ sector en que vive<\/label><div class='ginput_container ginput_container_text'><input name='input_13' id='input_16_13' type='text' value='' class='large'      aria-invalid=\"false\"   \/> <\/div><\/div><div id=\"field_16_14\" class=\"gfield gfield--type-text gfield--width-full field_sublabel_above gfield--no-description field_description_above gfield_visibility_visible\"  data-js-reload=\"field_16_14\" ><label class='gfield_label gform-field-label' for='input_16_14'>Sectores en los que puede dar apoyo<\/label><div class='ginput_container ginput_container_text'><input name='input_14' id='input_16_14' type='text' value='' class='large'      aria-invalid=\"false\"   \/> <\/div><\/div><div id=\"field_16_15\" class=\"gfield gfield--type-select gfield--width-half field_sublabel_above gfield--no-description field_description_above gfield_visibility_visible\"  data-js-reload=\"field_16_15\" ><label class='gfield_label gform-field-label' for='input_16_15'>Actividad con la que desea cooperar<\/label><div class='ginput_container ginput_container_select'><select name='input_15' id='input_16_15' class='large gfield_select'     aria-invalid=\"false\" ><option value='Estilismo' >Estilismo<\/option><option value='Arreglo de u\u00f1as' >Arreglo de u\u00f1as<\/option><option value='Maquillaje' >Maquillaje<\/option><option value='Juegos de mes (ajedrez, domino, parche, rompecabezas, etc.)' >Juegos de mes (ajedrez, domino, parche, rompecabezas, etc.)<\/option><option value='Lectura' >Lectura<\/option><option value='Bordado' >Bordado<\/option><option value='Pintura' >Pintura<\/option><option value='M\u00fasica' >M\u00fasica<\/option><option value='Manualidades en general' >Manualidades en general<\/option><option value='Ver pel\u00edculas o series' >Ver pel\u00edculas o series<\/option><option value='Meditaci\u00f3n' >Meditaci\u00f3n<\/option><option value='Otros \/ especifique' >Otros \/ especifique<\/option><\/select><\/div><\/div><div id=\"field_16_16\" class=\"gfield gfield--type-text gfield--width-half field_sublabel_above gfield--no-description field_description_above gfield_visibility_visible\"  data-js-reload=\"field_16_16\" ><label class='gfield_label gform-field-label' for='input_16_16'>Otros<\/label><div class='ginput_container ginput_container_text'><input name='input_16' id='input_16_16' type='text' value='' class='large'      aria-invalid=\"false\"   \/> <\/div><\/div><fieldset id=\"field_16_18\" class=\"gfield gfield--type-radio gfield--type-choice gfield--width-seven-twelfths field_sublabel_above gfield--no-description field_description_above gfield_visibility_visible\"  data-js-reload=\"field_16_18\" ><legend class='gfield_label gform-field-label' >\u00bfTiene entrenamientos en cuidados o acompa\u00f1amiento?<\/legend><div class='ginput_container ginput_container_radio'><div class='gfield_radio' id='input_16_18'>\n\t\t\t<div class='gchoice gchoice_16_18_0'>\n\t\t\t\t\t<input class='gfield-choice-input' name='input_18' type='radio' value='SI'  id='choice_16_18_0' onchange='gformToggleRadioOther( this )'    \/>\n\t\t\t\t\t<label for='choice_16_18_0' id='label_16_18_0' class='gform-field-label gform-field-label--type-inline'>SI<\/label>\n\t\t\t<\/div>\n\t\t\t<div class='gchoice gchoice_16_18_1'>\n\t\t\t\t\t<input class='gfield-choice-input' name='input_18' type='radio' value='No'  id='choice_16_18_1' onchange='gformToggleRadioOther( this )'    \/>\n\t\t\t\t\t<label for='choice_16_18_1' id='label_16_18_1' class='gform-field-label gform-field-label--type-inline'>No<\/label>\n\t\t\t<\/div><\/div><\/div><\/fieldset><div id=\"field_16_17\" class=\"gfield gfield--type-text gfield--width-five-twelfths field_sublabel_above gfield--no-description field_description_above gfield_visibility_visible\"  data-js-reload=\"field_16_17\" ><label class='gfield_label gform-field-label' for='input_16_17'>Especifique<\/label><div class='ginput_container ginput_container_text'><input name='input_17' id='input_16_17' type='text' value='' class='large'      aria-invalid=\"false\"   \/> <\/div><\/div><\/div><\/div>\n        <div class='gform_footer top_label'> <input type='submit' id='gform_submit_button_16' class='gform_button button' value='Enviar'  onclick='if(window[\"gf_submitting_16\"]){return false;}  if( !jQuery(\"#gform_16\")[0].checkValidity || jQuery(\"#gform_16\")[0].checkValidity()){window[\"gf_submitting_16\"]=true;}  ' onkeypress='if( event.keyCode == 13 ){ if(window[\"gf_submitting_16\"]){return false;} if( !jQuery(\"#gform_16\")[0].checkValidity || jQuery(\"#gform_16\")[0].checkValidity()){window[\"gf_submitting_16\"]=true;}  jQuery(\"#gform_16\").trigger(\"submit\",[true]); }' \/> \n            <input type='hidden' class='gform_hidden' name='is_submit_16' value='1' \/>\n            <input type='hidden' class='gform_hidden' name='gform_submit' value='16' \/>\n            \n            <input type='hidden' class='gform_hidden' name='gform_unique_id' value='' \/>\n            <input type='hidden' class='gform_hidden' name='state_16' value='WyJ7XCIxNVwiOltcIjM0MDZiMTE1YmM4Yjg1ZjE2ZDZkYjE0NWM4MjQ2YzgwXCIsXCI5NGViYTU0ZTA5OTM3OWQ2YzNhODg1MDA5ZjJiOTk0M1wiLFwiNzRiMTFmOWY4YjNiY2Y1ODMyZDcxOGVmMzM5NTA5YjdcIixcImE2MDYwMmUzNjYyOWU5ZjMxZjE2YjRiNDZhZDdhZmVkXCIsXCJiYmZiODBlNGE4NDZlNDllMDM5NDhiMzZmMTI4MjZiNFwiLFwiYTVjMTA3ZDNlMTlkNmIwZDY3MGM4MzI3Mjg3OWI4YjNcIixcImM5NzJhOGM3MzNhODE3NDU0NTJkNTFiMzljMTY5MjFhXCIsXCJhY2FmYWJlOWJjNmZhNjg1NGY2NDY1NmZmYzA0YzljNFwiLFwiODM0ZTZmNzBmYmUwZWQwYWUwMjBhOTVmODhiZGNjMjBcIixcIjI0MGIyYjc0ZDY3YWM5MjAwZDQ5ZjllYTI3MTIxNmM5XCIsXCIxMjg3MjMxNTBlOWQ5ODM5YTA3YTk4NTY2NTc1NjA3OVwiLFwiYTg1MGNiMGQ5ZThmZDI1ZDk2YWFjY2UxYzc1ZmM2MjJcIl0sXCIxOFwiOltcImVlNDA0YzA3M2ZlN2ExNjgzNjQzODAwNTU4NTU4YjEyXCIsXCIzNGI4ODE1YjRmOWEwNTgxMGQ2NTRmZDVkNDQ3OTUzZFwiXX0iLCIwYzJiZGM3YjQ2MDc1ZGM0MDU0MWY5MThlMDc3MDViYiJd' \/>\n            <input type='hidden' class='gform_hidden' name='gform_target_page_number_16' id='gform_target_page_number_16' value='0' \/>\n            <input type='hidden' class='gform_hidden' name='gform_source_page_number_16' id='gform_source_page_number_16' value='1' \/>\n            <input type='hidden' name='gform_field_values' value='' \/>\n            \n        <\/div>\n                        <\/form>\n                        <\/div><script type=\"text\/javascript\">\n\/* <![CDATA[ *\/\n gform.initializeOnLoaded( function() {gformInitSpinner( 16, 'https:\/\/hgps.org.do\/wp-content\/plugins\/gravityforms\/images\/spinner.svg', true );jQuery('#gform_ajax_frame_16').on('load',function(){var contents = jQuery(this).contents().find('*').html();var is_postback = contents.indexOf('GF_AJAX_POSTBACK') >= 0;if(!is_postback){return;}var form_content = jQuery(this).contents().find('#gform_wrapper_16');var is_confirmation = jQuery(this).contents().find('#gform_confirmation_wrapper_16').length > 0;var is_redirect = contents.indexOf('gformRedirect(){') >= 0;var is_form = form_content.length > 0 && ! is_redirect && ! is_confirmation;var mt = parseInt(jQuery('html').css('margin-top'), 10) + parseInt(jQuery('body').css('margin-top'), 10) + 100;if(is_form){jQuery('#gform_wrapper_16').html(form_content.html());if(form_content.hasClass('gform_validation_error')){jQuery('#gform_wrapper_16').addClass('gform_validation_error');} else {jQuery('#gform_wrapper_16').removeClass('gform_validation_error');}setTimeout( function() { \/* delay the scroll by 50 milliseconds to fix a bug in chrome *\/  }, 50 );if(window['gformInitDatepicker']) {gformInitDatepicker();}if(window['gformInitPriceFields']) {gformInitPriceFields();}var current_page = jQuery('#gform_source_page_number_16').val();gformInitSpinner( 16, 'https:\/\/hgps.org.do\/wp-content\/plugins\/gravityforms\/images\/spinner.svg', true );jQuery(document).trigger('gform_page_loaded', [16, current_page]);window['gf_submitting_16'] = false;}else if(!is_redirect){var confirmation_content = jQuery(this).contents().find('.GF_AJAX_POSTBACK').html();if(!confirmation_content){confirmation_content = contents;}setTimeout(function(){jQuery('#gform_wrapper_16').replaceWith(confirmation_content);jQuery(document).trigger('gform_confirmation_loaded', [16]);window['gf_submitting_16'] = false;wp.a11y.speak(jQuery('#gform_confirmation_message_16').text());}, 50);}else{jQuery('#gform_16').append(contents);if(window['gformRedirect']) {gformRedirect();}}jQuery(document).trigger('gform_post_render', [16, current_page]);gform.utils.trigger({ event: 'gform\/postRender', native: false, data: { formId: 16, currentPage: current_page } });} );} ); \n\/* ]]> *\/\n<\/script>\n<\/div><\/div><\/div><\/div><\/div><\/section>\n","protected":false},"excerpt":{"rendered":"Embajadores HGPS Unidad de Cuidados Paliativos para registro de voluntarios internos. Nombre(Obligatorio) Nombre Apellidos C\u00f3digo de empleado(Obligatorio) \u00c1rea de trabajo(Obligatorio) Supervisor directo(Obligatorio) Tel\u00e9fono(Obligatorio) Email(Obligatorio) Ocupaci\u00f3n Religi\u00f3n Direcci\u00f3n\/ sector en que vive Sectores en los que puede dar apoyo Actividad con la que desea cooperarEstilismoArreglo de u\u00f1asMaquillajeJuegos de mes (ajedrez, domino, parche, rompecabezas, etc.)LecturaBordadoPinturaM\u00fasicaManualidades en generalVer...","protected":false},"author":221,"featured_media":0,"parent":27575,"menu_order":0,"comment_status":"closed","ping_status":"closed","template":"","meta":{"footnotes":""},"_links":{"self":[{"href":"https:\/\/hgps.org.do\/es\/wp-json\/wp\/v2\/pages\/28249"}],"collection":[{"href":"https:\/\/hgps.org.do\/es\/wp-json\/wp\/v2\/pages"}],"about":[{"href":"https:\/\/hgps.org.do\/es\/wp-json\/wp\/v2\/types\/page"}],"author":[{"embeddable":true,"href":"https:\/\/hgps.org.do\/es\/wp-json\/wp\/v2\/users\/221"}],"replies":[{"embeddable":true,"href":"https:\/\/hgps.org.do\/es\/wp-json\/wp\/v2\/comments?post=28249"}],"version-history":[{"count":1,"href":"https:\/\/hgps.org.do\/es\/wp-json\/wp\/v2\/pages\/28249\/revisions"}],"predecessor-version":[{"id":28250,"href":"https:\/\/hgps.org.do\/es\/wp-json\/wp\/v2\/pages\/28249\/revisions\/28250"}],"up":[{"embeddable":true,"href":"https:\/\/hgps.org.do\/es\/wp-json\/wp\/v2\/pages\/27575"}],"wp:attachment":[{"href":"https:\/\/hgps.org.do\/es\/wp-json\/wp\/v2\/media?parent=28249"}],"curies":[{"name":"wp","href":"https:\/\/api.w.org\/{rel}","templated":true}]}}