{"id":28285,"date":"2024-11-11T18:48:56","date_gmt":"2024-11-11T18:48:56","guid":{"rendered":"https:\/\/hgps.org.do\/?page_id=28285"},"modified":"2025-03-12T15:08:35","modified_gmt":"2025-03-12T15:08:35","slug":"politica-de-privacidad","status":"publish","type":"page","link":"https:\/\/hgps.org.do\/es\/politica-de-privacidad\/","title":{"rendered":"Politica de Privacidad"},"content":{"rendered":"<section class=\"l-section wpb_row us_custom_2f43423f height_auto dept_tabs\"><div class=\"l-section-h i-cf\"><div class=\"g-cols vc_row type_default valign_top\"><div class=\"vc_col-sm-12 vc_hidden-lg vc_hidden-md vc_hidden-xs wpb_column vc_column_container\"><div class=\"vc_column-inner\"><div class=\"wpb_wrapper\"><div class=\"wpb_text_column\" ><div class=\"wpb_wrapper\"><p>I am text block. Click edit button to change this text. Lorem ipsum dolor sit amet, consectetur adipiscing elit. Ut elit tellus, luctus nec ullamcorper mattis, pulvinar dapibus leo.<\/p>\n<\/div><\/div><\/div><\/div><\/div><\/div><\/div><\/section><!-- Row Backgrounds --><div class=\"upb_grad\" data-grad=\"background: -webkit-gradient(linear, left top, left bottom, color-stop(0%, #2F447F), color-stop(100%, #1B2E59));background: -moz-linear-gradient(top,#2F447F 0%,#1B2E59 100%);background: -webkit-linear-gradient(top,#2F447F 0%,#1B2E59 100%);background: -o-linear-gradient(top,#2F447F 0%,#1B2E59 100%);background: -ms-linear-gradient(top,#2F447F 0%,#1B2E59 100%);background: linear-gradient(top,#2F447F 0%,#1B2E59 100%);\" data-bg-override=\"0\" data-upb-overlay-color=\"\" data-upb-bg-animation=\"\" data-fadeout=\"\" data-fadeout-percentage=\"30\" data-parallax-content=\"\" data-parallax-content-sense=\"30\" data-row-effect-mobile-disable=\"true\" data-img-parallax-mobile-disable=\"true\" data-rtl=\"false\"  data-custom-vc-row=\"\"  data-vc=\"6.6.0\"  data-is_old_vc=\"\"  data-theme-support=\"\"   data-overlay=\"false\" data-overlay-color=\"\" data-overlay-pattern=\"\" data-overlay-pattern-opacity=\"\" data-overlay-pattern-size=\"\"    ><\/div><section class=\"l-section wpb_row us_custom_4e85a289 height_medium directorio_tabs\"><div class=\"l-section-h i-cf\"><div class=\"g-cols vc_row type_default valign_top\"><div class=\"vc_col-sm-3 wpb_column vc_column_container\"><div class=\"vc_column-inner us_custom_a589c745\"><div class=\"wpb_wrapper\"><div  class=\"vc_wp_custommenu wpb_content_element\"><div class=\"widget widget_nav_menu\"><h2 class=\"widgettitle\">Servicio al Cliente<\/h2><div class=\"menu-servicio-al-cliente-container\"><ul id=\"menu-servicio-al-cliente\" class=\"menu\"><li id=\"menu-item-28282\" class=\"menu-item menu-item-type-post_type menu-item-object-page menu-item-28282\"><a href=\"https:\/\/hgps.org.do\/es\/cambios-y-devoluciones\/\">Cambios y Devoluciones<\/a><\/li>\n<li id=\"menu-item-28287\" class=\"menu-item menu-item-type-post_type menu-item-object-page menu-item-28287\"><a href=\"https:\/\/hgps.org.do\/es\/politica-de-privacidad\/\">Politica de Privacidad<\/a><\/li>\n<li id=\"menu-item-28424\" class=\"menu-item menu-item-type-post_type menu-item-object-page menu-item-28424\"><a href=\"https:\/\/hgps.org.do\/es\/politicas-de-seguridad\/\">Politicas de seguridad<\/a><\/li>\n<li id=\"menu-item-28441\" class=\"menu-item menu-item-type-post_type menu-item-object-page menu-item-28441\"><a href=\"https:\/\/hgps.org.do\/es\/informacion-de-contacto\/\">Informaci\u00f3n de Contacto<\/a><\/li>\n<\/ul><\/div><\/div><\/div><\/div><\/div><\/div><div class=\"vc_col-sm-9 wpb_column vc_column_container\"><div class=\"vc_column-inner\"><div class=\"wpb_wrapper\"><div class=\"wpb_text_column\" ><div class=\"wpb_wrapper\"><h1>Politica de Privacidad<\/h1>\n<p>&nbsp;<\/p>\n<h2 style=\"text-align: center;\"><strong>Pol\u00edticas y su aceptaci\u00f3n<\/strong><\/h2>\n<p>Estas Pol\u00edticas (en adelante, las \u201cPol\u00edticas\u201d) condicionan el uso de los servicios del portal de Internet www.hgps.org.do (en adelante, el \u201cPortal\u201d) y de la aplicaci\u00f3n m\u00f3vil (en adelante, \u201cAplicaci\u00f3n\u201d del\u00a0<strong>PATRONATO DEL HOSPITAL GENERAL DE LA PLAZA DE LA SALUD<\/strong>, instituci\u00f3n no gubernamental sin fines de lucro existente de conformidad con las leyes de la Rep\u00fablica Dominicana, portadora del Registro Nacional de Contribuyente (RNC) No.4-01-50520-7, con domicilio social y oficinas principales ubicadas en la Avenida Ortega y Gasset, Ensanche La Fe, Santo Domingo, Rep\u00fablica Dominicana; la cual en lo adelante se denominar\u00e1\u00a0<strong>EL HGPS, LA PRIMERA PARTE<\/strong>\u00a0o por su nombre completo.<\/p>\n<p><strong>1. Condiciones<\/strong><\/p>\n<p><strong>1.1. Menores de edad.<\/strong><\/p>\n<p>Para hacer uso de los Servicios que requieran la recogida de Datos Personales por parte del\u00a0<strong>HGPS<\/strong>\u00a0a trav\u00e9s del Portal o la Aplicaci\u00f3n, los menores de edad deben obtener previamente permiso de sus padres, tutores o representantes legales, quienes ser\u00e1n considerados responsables de todos los actos realizados por los menores a su cargo.<\/p>\n<p><strong>1.2. Obligaci\u00f3n de hacer un uso correcto del Portal y de los Servicios.<\/strong><\/p>\n<p>El Usuario se compromete a utilizar el Portal y los Servicios de conformidad con la ley, el presente Aviso Legal contentivo de los T\u00e9rminos y Pol\u00edticas de Uso del Servicio, las Condiciones Particulares de ciertos Servicios y dem\u00e1s avisos, reglamentos de uso e instrucciones puestos en su conocimiento, as\u00ed como la moral y las buenas costumbres generalmente aceptadas y el orden p\u00fablico.<\/p>\n<p>El Usuario deber\u00e1 abstenerse de obtener e incluso de intentar obtener los contenidos empleando para ello medios o procedimientos distintos de los que, seg\u00fan los casos, se hayan puesto a su disposici\u00f3n a este efecto o se hayan indicado a este efecto en las p\u00e1ginas web donde se encuentren los Contenidos o, en general, de los que se empleen habitualmente en la Internet a este efecto siempre que no entra\u00f1en un riesgo de da\u00f1o o inutilizaci\u00f3n del Portal, de los Servicios y\/o de los Contenidos.<\/p>\n<p><strong>2. Titularidad de los derechos intangibles<\/strong><\/p>\n<p>Todas las marcas, nombres comerciales o signos distintivos de cualquier clase que aparecen en el Portal o en la Aplicaci\u00f3n son propiedad del\u00a0<strong>HGPS<\/strong>\u00a0o de terceros, sin que pueda entenderse que el uso o acceso al Portal y\/o a los Servicios atribuya al Usuario derecho alguno sobre las citadas marcas, nombres comerciales y\/o signos distintivos.<\/p>\n<p>Asimismo, los Contenidos son propiedad intelectual del\u00a0<strong>HGPS<\/strong>\u00a0o de terceros, sin que puedan entenderse cedidos al Usuario, en virtud de lo establecido en este Aviso Legal, ninguno de los derechos de explotaci\u00f3n que existen o puedan existir sobre dichos Contenidos m\u00e1s all\u00e1 de lo estrictamente necesario para el correcto uso del Portal y de los Servicios, es decir, los Usuarios podr\u00e1n consultar, copiar y almacenar en el disco duro de su computadora o en cualquier otro soporte f\u00edsico, imprimir o reproducir el material disponible en esta p\u00e1gina web, exclusivamente<br \/>\npara su uso personal o privado, o el que se realice dentro de su empresa u organizaci\u00f3n, haciendo menci\u00f3n en todo momento de la propiedad que sobre \u00e9ste posee el HGPS, quedando terminantemente prohibido realizar modificaciones de su contenido.<\/p>\n<p>Queda estrictamente prohibida la comercializaci\u00f3n, distribuci\u00f3n y circulaci\u00f3n o transmisi\u00f3n en cualquier forma y bajo cualquier t\u00edtulo del material contenido en este sitio, sin contar previamente con la autorizaci\u00f3n del\u00a0<strong>HGPS<\/strong>. Este portal podr\u00e1 contener informaci\u00f3n proveniente de otras fuentes, por lo que, en estos casos, se deber\u00e1 requerir el consentimiento de ellas para su reproducci\u00f3n.<\/p>\n<p><strong>3. Exclusi\u00f3n de garant\u00edas y de responsabilidad<\/strong><\/p>\n<p><strong>3.1 Responsabilidad por el proceso y uso de los contenidos en Internet:<\/strong><\/p>\n<p>3.1.1 HGPS no garantiza la calidad, exactitud, fiabilidad, correcci\u00f3n o moralidad de los datos, programas, informaciones u opiniones, cualquiera que sea el origen, que circulen por su red o por las redes a las que el usuario pueda acceder a trav\u00e9s del Portal y\/o la Aplicaci\u00f3n. El usuario acepta expresamente dejar exento al HGPS de cualquier responsabilidad relacionada con el Portal y\/o la Aplicaci\u00f3n.<\/p>\n<p>3.1.2 El usuario asume bajo su exclusiva responsabilidad las consecuencias, da\u00f1os o acciones que pudieran derivarse del acceso a dichos contenidos, as\u00ed como de su reproducci\u00f3n o difusi\u00f3n.<\/p>\n<p>3.1.3 HGPS no ser\u00e1 responsable de las infracciones de cualquier usuario que afecten a los derechos de otro usuario del HGPS, o de terceros, incluyendo los derechos de copyright, marcas, patentes, informaci\u00f3n confidencial y cualquier otro derecho de propiedad intelectual o industrial.<\/p>\n<p><strong>3.2 Responsabilidad por el uso de enlaces a trav\u00e9s del Portal y\/o la aplicaci\u00f3n del HGPS:<\/strong><\/p>\n<p>3.2.1 HGPS no ser\u00e1 responsable ni de la disponibilidad t\u00e9cnica, ni de los contenidos, ni de los cargos de datos que generen las p\u00e1ginas web a las que el usuario acceda por medio de un enlace (\u00ablink\u00bb) de un tercero, incluido en el Portal y\/o la Aplicaci\u00f3n.<\/p>\n<p>3.2.2 HGPS no ser\u00e1 responsable de los da\u00f1os causados al cliente por la consulta o uso de los contenidos o servicios ofrecidos por una p\u00e1gina web cuyo acceso se haya producido por medio de un enlace incluido en el Portal y\/o la Aplicaci\u00f3n.<\/p>\n<p><strong>4. Procedimiento en caso de realizaci\u00f3n de actividades de car\u00e1cter il\u00edcito<\/strong><\/p>\n<p>En el caso de que cualquier Usuario o un tercero considere que existen hechos o circunstancias que revelen el car\u00e1cter il\u00edcito de la utilizaci\u00f3n de cualquier Contenido y\/o de la realizaci\u00f3n de cualquier actividad en las p\u00e1ginas web incluidas o accesibles a trav\u00e9s del Portal o la Aplicaci\u00f3n, y, en particular, de la violaci\u00f3n de derechos de propiedad intelectual o industrial (patentes, modelos y dibujos industriales, marcas y nombres comerciales, etc.) u otros derechos, deber\u00e1 enviar una notificaci\u00f3n<strong>\u00a0al HGPS al correo administracion@hgps.org.do especificando el caso y los datos personales de quien env\u00eda y de la persona que tuvo la falta<\/strong><\/p>\n<p><strong>5. L\u00edmites de Responsabilidad<\/strong><\/p>\n<p>El Usuario se compromete a indemnizar y exonerar al\u00a0<strong>HGPS<\/strong>\u00a0de cualquier reclamo o demanda hecho por una tercera persona, relacionado con el uso indebido por parte del Usuario del contenido suministrado por el HGPS a trav\u00e9s de su Portal o la Aplicaci\u00f3n, incluyendo honorarios de los abogados.<\/p>\n<p><strong>HGPS<\/strong>\u00a0no ser\u00e1 responsable por ning\u00fan da\u00f1o directo, indirecto, incidental, especial, derivado, o ejemplar, que incluya sin limitaciones, da\u00f1os por p\u00e9rdida de ganancia, buena fe, uso, datos u otras p\u00e9rdidas intangibles (aun cuando el\u00a0<strong>HGPS<\/strong>\u00a0haya sido advertido de la posibilidad de dichos da\u00f1os), como resultado del uso normal o indebido o la imposibilidad de usar el servicio.<\/p>\n<p><strong>6. Legislaci\u00f3n aplicable<\/strong><\/p>\n<p>Las condiciones del servicio y la relaci\u00f3n entre Usuario y el\u00a0<strong>HGPS<\/strong>\u00a0ser\u00e1n regidas por las leyes de la Rep\u00fablica Dominicana, sin perjuicio de sus provisiones acerca de conflicto de leyes.<\/p>\n<p><strong>7. Jurisdicci\u00f3n<\/strong><\/p>\n<p>El Usuario y el\u00a0<strong>HGPS<\/strong>\u00a0acuerdan expresamente someterse a la jurisdicci\u00f3n personal y exclusiva de los tribunales de la Rep\u00fablica Dominicana, renunciando a cualquier otro fuero que pudiera corresponderles por raz\u00f3n de sus domicilios presentes o futuros. Sin embargo, la falta del\u00a0<strong>HGPS<\/strong>\u00a0de ejercer o hacer efectivo alg\u00fan derecho o disposici\u00f3n de los establecidos en los T\u00e9rminos de Uso y Pol\u00edticas del Servicio, no constituir\u00e1 renuncia a dicho derecho. Las partes acuerdan que los tribunales competentes para resolver alg\u00fan conflicto deber\u00e1n acogerse a la intenci\u00f3n de las partes reflejadas en los \u201cT\u00e9rminos de Uso y Pol\u00edticas del Servicio\u201d, y en caso de que se declarara inv\u00e1lida alguna disposici\u00f3n del mismo, se mantendr\u00e1 el resto en pleno vigor y efectividad. El Usuario acuerda que, sin perjuicio de alguna disposici\u00f3n en sentido contrario en cualquier ley o estatuto, cualquier reclamo o causa de acci\u00f3n resultante del Servicio o relacionada con el uso del Servicio, deber\u00e1 ser presentada dentro del t\u00e9rmino de un (1) a\u00f1o, contado a partir del momento en de ocurrido el hecho, o de otro modo no podr\u00e1 ejercerse en el futuro.<\/p>\n<\/div><\/div><\/div><\/div><\/div><\/div><\/div><\/section>\n","protected":false},"excerpt":{"rendered":"I am text block. Click edit button to change this text. Lorem ipsum dolor sit amet, consectetur adipiscing elit. Ut elit tellus, luctus nec ullamcorper mattis, pulvinar dapibus leo. Servicio al ClienteCambios y Devoluciones Politica de Privacidad Politicas de seguridad Informaci\u00f3n de Contacto Politica de Privacidad &nbsp; Pol\u00edticas y su aceptaci\u00f3n Estas Pol\u00edticas (en adelante,...","protected":false},"author":221,"featured_media":0,"parent":0,"menu_order":52,"comment_status":"closed","ping_status":"closed","template":"","meta":{"footnotes":""},"_links":{"self":[{"href":"https:\/\/hgps.org.do\/es\/wp-json\/wp\/v2\/pages\/28285"}],"collection":[{"href":"https:\/\/hgps.org.do\/es\/wp-json\/wp\/v2\/pages"}],"about":[{"href":"https:\/\/hgps.org.do\/es\/wp-json\/wp\/v2\/types\/page"}],"author":[{"embeddable":true,"href":"https:\/\/hgps.org.do\/es\/wp-json\/wp\/v2\/users\/221"}],"replies":[{"embeddable":true,"href":"https:\/\/hgps.org.do\/es\/wp-json\/wp\/v2\/comments?post=28285"}],"version-history":[{"count":4,"href":"https:\/\/hgps.org.do\/es\/wp-json\/wp\/v2\/pages\/28285\/revisions"}],"predecessor-version":[{"id":28393,"href":"https:\/\/hgps.org.do\/es\/wp-json\/wp\/v2\/pages\/28285\/revisions\/28393"}],"wp:attachment":[{"href":"https:\/\/hgps.org.do\/es\/wp-json\/wp\/v2\/media?parent=28285"}],"curies":[{"name":"wp","href":"https:\/\/api.w.org\/{rel}","templated":true}]}}